{"id":31522,"date":"2024-04-19T11:08:42","date_gmt":"2024-04-19T15:08:42","guid":{"rendered":"https:\/\/lucasoil.co.uk\/specjalizacja-rolnictwo\/"},"modified":"2025-11-25T12:55:30","modified_gmt":"2025-11-25T17:55:30","slug":"specjalizacja-rolnictwo","status":"publish","type":"page","link":"https:\/\/lucasoil.co.uk\/pl\/specjalizacja-rolnictwo\/","title":{"rendered":"Specjalizacja: Rolnictwo"},"content":{"rendered":"\n<h2 class=\"gb-headline gb-headline-01d1275c gb-headline-text\">ROLNICTWO<\/h2>\n\n<p>Wykorzystaj pe\u0142en potencja\u0142 swoich ci\u0119\u017cko pracuj\u0105cych maszyn dzi\u0119ki naszej najnowocze\u015bniejszej serii olej\u00f3w, dodatk\u00f3w, smar\u00f3w i \u015brodk\u00f3w rozwi\u0105zuj\u0105cych problemy, stworzonych z my\u015bl\u0105 o zapewnieniu ci\u0105g\u0142o\u015bci pracy. Dodatki Lucas, zaprojektowane w celu zmniejszenia tarcia i zapobiegania zu\u017cyciu silnika, zwi\u0119kszenia oszcz\u0119dno\u015bci paliwa, zmniejszenia emisji spalin i utrzymania czysto\u015bci element\u00f3w silnika, przyczyniaj\u0105 si\u0119 do poprawy og\u00f3lnej wydajno\u015bci i niezawodno\u015bci maszyn, pomagaj\u0105c osi\u0105gn\u0105\u0107 maksymaln\u0105 produktywno\u015b\u0107 i rentowno\u015b\u0107. <\/p>\n","protected":false},"excerpt":{"rendered":"<p>ROLNICTWO Wykorzystaj pe\u0142en potencja\u0142 swoich ci\u0119\u017cko pracuj\u0105cych maszyn dzi\u0119ki naszej najnowocze\u015bniejszej serii olej\u00f3w, dodatk\u00f3w, smar\u00f3w i \u015brodk\u00f3w rozwi\u0105zuj\u0105cych problemy, stworzonych z my\u015bl\u0105 o zapewnieniu ci\u0105g\u0142o\u015bci pracy. Dodatki Lucas, zaprojektowane w celu zmniejszenia tarcia i zapobiegania zu\u017cyciu silnika, zwi\u0119kszenia oszcz\u0119dno\u015bci paliwa, zmniejszenia emisji spalin i utrzymania czysto\u015bci element\u00f3w silnika, przyczyniaj\u0105 si\u0119 do poprawy og\u00f3lnej wydajno\u015bci i [&hellip;]<\/p>\n","protected":false},"author":1,"featured_media":0,"parent":0,"menu_order":0,"comment_status":"closed","ping_status":"closed","template":"lifestyle-agriculture.php","meta":{"_acf_changed":false,"footnotes":""},"class_list":["post-31522","page","type-page","status-publish","hentry"],"acf":[],"_links":{"self":[{"href":"https:\/\/lucasoil.co.uk\/pl\/wp-json\/wp\/v2\/pages\/31522","targetHints":{"allow":["GET"]}}],"collection":[{"href":"https:\/\/lucasoil.co.uk\/pl\/wp-json\/wp\/v2\/pages"}],"about":[{"href":"https:\/\/lucasoil.co.uk\/pl\/wp-json\/wp\/v2\/types\/page"}],"author":[{"embeddable":true,"href":"https:\/\/lucasoil.co.uk\/pl\/wp-json\/wp\/v2\/users\/1"}],"replies":[{"embeddable":true,"href":"https:\/\/lucasoil.co.uk\/pl\/wp-json\/wp\/v2\/comments?post=31522"}],"version-history":[{"count":1,"href":"https:\/\/lucasoil.co.uk\/pl\/wp-json\/wp\/v2\/pages\/31522\/revisions"}],"predecessor-version":[{"id":31523,"href":"https:\/\/lucasoil.co.uk\/pl\/wp-json\/wp\/v2\/pages\/31522\/revisions\/31523"}],"wp:attachment":[{"href":"https:\/\/lucasoil.co.uk\/pl\/wp-json\/wp\/v2\/media?parent=31522"}],"curies":[{"name":"wp","href":"https:\/\/api.w.org\/{rel}","templated":true}]}}