{"id":31524,"date":"2024-04-19T12:08:52","date_gmt":"2024-04-19T16:08:52","guid":{"rendered":"https:\/\/lucasoil.co.uk\/specjalnosc-hot-rods-i-klasyczne-samochody\/"},"modified":"2025-11-25T12:56:02","modified_gmt":"2025-11-25T17:56:02","slug":"specjalnosc-hot-rods-i-klasyczne-samochody","status":"publish","type":"page","link":"https:\/\/lucasoil.co.uk\/pl\/specjalnosc-hot-rods-i-klasyczne-samochody\/","title":{"rendered":"Specjalno\u015b\u0107: Hot Rods i klasyczne samochody"},"content":{"rendered":"\n<h2 class=\"gb-headline gb-headline-e048480c gb-headline-text\">HOT RODS &amp; CLASSIC CARS<\/h2>\n\n<p>Zachowaj dziedzictwo i \u017cycie swojego klasycznego samochodu lub uwolnij potencja\u0142 swojego hot roda dzi\u0119ki produktom przeznaczonym do ukochanych muscle car\u00f3w, trofe\u00f3w salonowych, klasyk\u00f3w i samochod\u00f3w zabytkowych. Dzi\u0119ki szerokiej gamie produkt\u00f3w zar\u00f3wno do wewn\u0119trznych element\u00f3w silnika, jak i zewn\u0119trznych detali wygl\u0105du, Lucas ma wszystko, czego potrzebujesz, aby poprawi\u0107 osi\u0105gi, trwa\u0142o\u015b\u0107 i estetyk\u0119 swojego pojazdu. <\/p>\n","protected":false},"excerpt":{"rendered":"<p>HOT RODS &amp; CLASSIC CARS Zachowaj dziedzictwo i \u017cycie swojego klasycznego samochodu lub uwolnij potencja\u0142 swojego hot roda dzi\u0119ki produktom przeznaczonym do ukochanych muscle car\u00f3w, trofe\u00f3w salonowych, klasyk\u00f3w i samochod\u00f3w zabytkowych. Dzi\u0119ki szerokiej gamie produkt\u00f3w zar\u00f3wno do wewn\u0119trznych element\u00f3w silnika, jak i zewn\u0119trznych detali wygl\u0105du, Lucas ma wszystko, czego potrzebujesz, aby poprawi\u0107 osi\u0105gi, trwa\u0142o\u015b\u0107 i [&hellip;]<\/p>\n","protected":false},"author":1,"featured_media":0,"parent":0,"menu_order":0,"comment_status":"closed","ping_status":"closed","template":"lifestyle-classic-cars.php","meta":{"_acf_changed":false,"footnotes":""},"class_list":["post-31524","page","type-page","status-publish","hentry"],"acf":[],"_links":{"self":[{"href":"https:\/\/lucasoil.co.uk\/pl\/wp-json\/wp\/v2\/pages\/31524","targetHints":{"allow":["GET"]}}],"collection":[{"href":"https:\/\/lucasoil.co.uk\/pl\/wp-json\/wp\/v2\/pages"}],"about":[{"href":"https:\/\/lucasoil.co.uk\/pl\/wp-json\/wp\/v2\/types\/page"}],"author":[{"embeddable":true,"href":"https:\/\/lucasoil.co.uk\/pl\/wp-json\/wp\/v2\/users\/1"}],"replies":[{"embeddable":true,"href":"https:\/\/lucasoil.co.uk\/pl\/wp-json\/wp\/v2\/comments?post=31524"}],"version-history":[{"count":1,"href":"https:\/\/lucasoil.co.uk\/pl\/wp-json\/wp\/v2\/pages\/31524\/revisions"}],"predecessor-version":[{"id":31525,"href":"https:\/\/lucasoil.co.uk\/pl\/wp-json\/wp\/v2\/pages\/31524\/revisions\/31525"}],"wp:attachment":[{"href":"https:\/\/lucasoil.co.uk\/pl\/wp-json\/wp\/v2\/media?parent=31524"}],"curies":[{"name":"wp","href":"https:\/\/api.w.org\/{rel}","templated":true}]}}