{"id":31526,"date":"2024-04-19T12:11:49","date_gmt":"2024-04-19T16:11:49","guid":{"rendered":"https:\/\/lucasoil.co.uk\/specjalizacja-codzienna-pielegnacja-samochodu\/"},"modified":"2025-11-25T12:56:54","modified_gmt":"2025-11-25T17:56:54","slug":"specjalizacja-codzienna-pielegnacja-samochodu","status":"publish","type":"page","link":"https:\/\/lucasoil.co.uk\/pl\/specjalizacja-codzienna-pielegnacja-samochodu\/","title":{"rendered":"Specjalizacja: Codzienna piel\u0119gnacja samochodu"},"content":{"rendered":"\n<h2 class=\"gb-headline gb-headline-62f25bfa gb-headline-text\">CODZIENNA PIEL\u0118GNACJA SAMOCHODU<\/h2>\n\n<p>Je\u015bli chodzi o utrzymanie sprawno\u015bci i wydajno\u015bci w zabieganym \u017cyciu, Lucas ma dla Ciebie odpowiednie rozwi\u0105zania. Niezale\u017cnie od tego, czy chcesz zaoszcz\u0119dzi\u0107 pieni\u0105dze na paliwie poprzez zwi\u0119kszenie oszcz\u0119dno\u015bci paliwa w poje\u017adzie, utrzyma\u0107 starszy samoch\u00f3d w doskona\u0142ym stanie technicznym, czy te\u017c zatrzyma\u0107 wyciek, Lucas oferuje pe\u0142n\u0105 gam\u0119 \u0142atwych w u\u017cyciu i skutecznych produkt\u00f3w do piel\u0119gnacji samochod\u00f3w. <\/p>\n","protected":false},"excerpt":{"rendered":"<p>CODZIENNA PIEL\u0118GNACJA SAMOCHODU Je\u015bli chodzi o utrzymanie sprawno\u015bci i wydajno\u015bci w zabieganym \u017cyciu, Lucas ma dla Ciebie odpowiednie rozwi\u0105zania. Niezale\u017cnie od tego, czy chcesz zaoszcz\u0119dzi\u0107 pieni\u0105dze na paliwie poprzez zwi\u0119kszenie oszcz\u0119dno\u015bci paliwa w poje\u017adzie, utrzyma\u0107 starszy samoch\u00f3d w doskona\u0142ym stanie technicznym, czy te\u017c zatrzyma\u0107 wyciek, Lucas oferuje pe\u0142n\u0105 gam\u0119 \u0142atwych w u\u017cyciu i skutecznych produkt\u00f3w [&hellip;]<\/p>\n","protected":false},"author":1,"featured_media":0,"parent":0,"menu_order":0,"comment_status":"closed","ping_status":"closed","template":"lifestyle-everyday-car-care.php","meta":{"_acf_changed":false,"footnotes":""},"class_list":["post-31526","page","type-page","status-publish","hentry"],"acf":[],"_links":{"self":[{"href":"https:\/\/lucasoil.co.uk\/pl\/wp-json\/wp\/v2\/pages\/31526","targetHints":{"allow":["GET"]}}],"collection":[{"href":"https:\/\/lucasoil.co.uk\/pl\/wp-json\/wp\/v2\/pages"}],"about":[{"href":"https:\/\/lucasoil.co.uk\/pl\/wp-json\/wp\/v2\/types\/page"}],"author":[{"embeddable":true,"href":"https:\/\/lucasoil.co.uk\/pl\/wp-json\/wp\/v2\/users\/1"}],"replies":[{"embeddable":true,"href":"https:\/\/lucasoil.co.uk\/pl\/wp-json\/wp\/v2\/comments?post=31526"}],"version-history":[{"count":1,"href":"https:\/\/lucasoil.co.uk\/pl\/wp-json\/wp\/v2\/pages\/31526\/revisions"}],"predecessor-version":[{"id":31527,"href":"https:\/\/lucasoil.co.uk\/pl\/wp-json\/wp\/v2\/pages\/31526\/revisions\/31527"}],"wp:attachment":[{"href":"https:\/\/lucasoil.co.uk\/pl\/wp-json\/wp\/v2\/media?parent=31526"}],"curies":[{"name":"wp","href":"https:\/\/api.w.org\/{rel}","templated":true}]}}