{"id":31528,"date":"2024-04-19T12:13:57","date_gmt":"2024-04-19T16:13:57","guid":{"rendered":"https:\/\/lucasoil.co.uk\/specjalizacja-pojazdy-uzytkowe\/"},"modified":"2025-11-25T12:57:34","modified_gmt":"2025-11-25T17:57:34","slug":"specjalizacja-pojazdy-uzytkowe","status":"publish","type":"page","link":"https:\/\/lucasoil.co.uk\/pl\/specjalizacja-pojazdy-uzytkowe\/","title":{"rendered":"Specjalizacja: Pojazdy u\u017cytkowe"},"content":{"rendered":"\n<h2 class=\"gb-headline gb-headline-74cbe06d gb-headline-text\">POJAZDY U\u017bYTKOWE<\/h2>\n\n<p>Rozumiemy wyzwania, przed kt\u00f3rymi codziennie staj\u0105 kierowcy ci\u0119\u017car\u00f3wek i operatorzy transportu towarowego. Dlatego opracowali\u015bmy gam\u0119 najwy\u017cszej jako\u015bci dodatk\u00f3w do oleju, zaprojektowanych specjalnie z my\u015bl\u0105 o wymagaj\u0105cych potrzebach bran\u017cy transportowej. Dzi\u0119ki produktom Lucas mo\u017cna zwi\u0119kszy\u0107 oszcz\u0119dno\u015b\u0107 paliwa, wydajno\u015b\u0107 i niezawodno\u015b\u0107 floty pojazd\u00f3w ci\u0119\u017carowych, zapewniaj\u0105c im dodatkowy zasi\u0119g bez dodatkowych koszt\u00f3w.  <\/p>\n","protected":false},"excerpt":{"rendered":"<p>POJAZDY U\u017bYTKOWE Rozumiemy wyzwania, przed kt\u00f3rymi codziennie staj\u0105 kierowcy ci\u0119\u017car\u00f3wek i operatorzy transportu towarowego. Dlatego opracowali\u015bmy gam\u0119 najwy\u017cszej jako\u015bci dodatk\u00f3w do oleju, zaprojektowanych specjalnie z my\u015bl\u0105 o wymagaj\u0105cych potrzebach bran\u017cy transportowej. Dzi\u0119ki produktom Lucas mo\u017cna zwi\u0119kszy\u0107 oszcz\u0119dno\u015b\u0107 paliwa, wydajno\u015b\u0107 i niezawodno\u015b\u0107 floty pojazd\u00f3w ci\u0119\u017carowych, zapewniaj\u0105c im dodatkowy zasi\u0119g bez dodatkowych koszt\u00f3w.<\/p>\n","protected":false},"author":1,"featured_media":0,"parent":0,"menu_order":0,"comment_status":"closed","ping_status":"closed","template":"lifestyle-hdt.php","meta":{"_acf_changed":false,"footnotes":""},"class_list":["post-31528","page","type-page","status-publish","hentry"],"acf":[],"_links":{"self":[{"href":"https:\/\/lucasoil.co.uk\/pl\/wp-json\/wp\/v2\/pages\/31528","targetHints":{"allow":["GET"]}}],"collection":[{"href":"https:\/\/lucasoil.co.uk\/pl\/wp-json\/wp\/v2\/pages"}],"about":[{"href":"https:\/\/lucasoil.co.uk\/pl\/wp-json\/wp\/v2\/types\/page"}],"author":[{"embeddable":true,"href":"https:\/\/lucasoil.co.uk\/pl\/wp-json\/wp\/v2\/users\/1"}],"replies":[{"embeddable":true,"href":"https:\/\/lucasoil.co.uk\/pl\/wp-json\/wp\/v2\/comments?post=31528"}],"version-history":[{"count":1,"href":"https:\/\/lucasoil.co.uk\/pl\/wp-json\/wp\/v2\/pages\/31528\/revisions"}],"predecessor-version":[{"id":31529,"href":"https:\/\/lucasoil.co.uk\/pl\/wp-json\/wp\/v2\/pages\/31528\/revisions\/31529"}],"wp:attachment":[{"href":"https:\/\/lucasoil.co.uk\/pl\/wp-json\/wp\/v2\/media?parent=31528"}],"curies":[{"name":"wp","href":"https:\/\/api.w.org\/{rel}","templated":true}]}}