{"id":31530,"date":"2024-04-19T15:08:22","date_gmt":"2024-04-19T19:08:22","guid":{"rendered":"https:\/\/lucasoil.co.uk\/specjalizacja-przemyslowa\/"},"modified":"2025-11-25T12:57:57","modified_gmt":"2025-11-25T17:57:57","slug":"specjalizacja-przemyslowa","status":"publish","type":"page","link":"https:\/\/lucasoil.co.uk\/pl\/specjalizacja-przemyslowa\/","title":{"rendered":"Specjalizacja: Przemys\u0142owa"},"content":{"rendered":"\n<h2 class=\"gb-headline gb-headline-db048c54 gb-headline-text\">PRZEMYS\u0141OWY<\/h2>\n\n<p>Zaufaj naszej gamie najwy\u017cszej jako\u015bci smar\u00f3w, olej\u00f3w i \u015brodk\u00f3w czyszcz\u0105cych, kt\u00f3re zapewni\u0105 p\u0142ynn\u0105 i wydajn\u0105 prac\u0119 Twoich maszyn nawet w najtrudniejszych warunkach. Produkty Lucas zapewniaj\u0105 lepsz\u0105 stabilno\u015b\u0107 termiczn\u0105, ochron\u0119 przed korozj\u0105 i odporno\u015b\u0107 na utlenianie, gwarantuj\u0105c niezawodne dzia\u0142anie i minimalizuj\u0105c przestoje w \u015brodowiskach przemys\u0142owych. <\/p>\n","protected":false},"excerpt":{"rendered":"<p>PRZEMYS\u0141OWY Zaufaj naszej gamie najwy\u017cszej jako\u015bci smar\u00f3w, olej\u00f3w i \u015brodk\u00f3w czyszcz\u0105cych, kt\u00f3re zapewni\u0105 p\u0142ynn\u0105 i wydajn\u0105 prac\u0119 Twoich maszyn nawet w najtrudniejszych warunkach. Produkty Lucas zapewniaj\u0105 lepsz\u0105 stabilno\u015b\u0107 termiczn\u0105, ochron\u0119 przed korozj\u0105 i odporno\u015b\u0107 na utlenianie, gwarantuj\u0105c niezawodne dzia\u0142anie i minimalizuj\u0105c przestoje w \u015brodowiskach przemys\u0142owych.<\/p>\n","protected":false},"author":1,"featured_media":0,"parent":0,"menu_order":0,"comment_status":"closed","ping_status":"closed","template":"lifestyle-industrial.php","meta":{"_acf_changed":false,"footnotes":""},"class_list":["post-31530","page","type-page","status-publish","hentry"],"acf":[],"_links":{"self":[{"href":"https:\/\/lucasoil.co.uk\/pl\/wp-json\/wp\/v2\/pages\/31530","targetHints":{"allow":["GET"]}}],"collection":[{"href":"https:\/\/lucasoil.co.uk\/pl\/wp-json\/wp\/v2\/pages"}],"about":[{"href":"https:\/\/lucasoil.co.uk\/pl\/wp-json\/wp\/v2\/types\/page"}],"author":[{"embeddable":true,"href":"https:\/\/lucasoil.co.uk\/pl\/wp-json\/wp\/v2\/users\/1"}],"replies":[{"embeddable":true,"href":"https:\/\/lucasoil.co.uk\/pl\/wp-json\/wp\/v2\/comments?post=31530"}],"version-history":[{"count":1,"href":"https:\/\/lucasoil.co.uk\/pl\/wp-json\/wp\/v2\/pages\/31530\/revisions"}],"predecessor-version":[{"id":31531,"href":"https:\/\/lucasoil.co.uk\/pl\/wp-json\/wp\/v2\/pages\/31530\/revisions\/31531"}],"wp:attachment":[{"href":"https:\/\/lucasoil.co.uk\/pl\/wp-json\/wp\/v2\/media?parent=31530"}],"curies":[{"name":"wp","href":"https:\/\/api.w.org\/{rel}","templated":true}]}}