{"id":31532,"date":"2024-04-19T15:11:42","date_gmt":"2024-04-19T19:11:42","guid":{"rendered":"https:\/\/lucasoil.co.uk\/specjalizacja-morski\/"},"modified":"2025-11-25T12:59:44","modified_gmt":"2025-11-25T17:59:44","slug":"specjalizacja-morski","status":"publish","type":"page","link":"https:\/\/lucasoil.co.uk\/pl\/specjalizacja-morski\/","title":{"rendered":"Specjalizacja: Morski"},"content":{"rendered":"\n<h2 class=\"gb-headline gb-headline-31aad6ec gb-headline-text\">MORSKI<\/h2>\n\n<p>Przygotuj si\u0119 na wod\u0119 dzi\u0119ki szerokiej gamie wysokowydajnych olej\u00f3w, dodatk\u00f3w i produkt\u00f3w do piel\u0119gnacji wygl\u0105du firmy Lucas. Nasze starannie opracowane dodatki do oleju i paliwa, zaprojektowane z my\u015bl\u0105 o optymalizacji osi\u0105g\u00f3w silnika i ochronie w \u015brodowisku morskim, zapewniaj\u0105 p\u0142ynn\u0105 prac\u0119 Twojej \u0142odzi. <\/p>\n","protected":false},"excerpt":{"rendered":"<p>MORSKI Przygotuj si\u0119 na wod\u0119 dzi\u0119ki szerokiej gamie wysokowydajnych olej\u00f3w, dodatk\u00f3w i produkt\u00f3w do piel\u0119gnacji wygl\u0105du firmy Lucas. Nasze starannie opracowane dodatki do oleju i paliwa, zaprojektowane z my\u015bl\u0105 o optymalizacji osi\u0105g\u00f3w silnika i ochronie w \u015brodowisku morskim, zapewniaj\u0105 p\u0142ynn\u0105 prac\u0119 Twojej \u0142odzi.<\/p>\n","protected":false},"author":1,"featured_media":0,"parent":0,"menu_order":0,"comment_status":"closed","ping_status":"closed","template":"lifestyle-marine.php","meta":{"_acf_changed":false,"footnotes":""},"class_list":["post-31532","page","type-page","status-publish","hentry"],"acf":[],"_links":{"self":[{"href":"https:\/\/lucasoil.co.uk\/pl\/wp-json\/wp\/v2\/pages\/31532","targetHints":{"allow":["GET"]}}],"collection":[{"href":"https:\/\/lucasoil.co.uk\/pl\/wp-json\/wp\/v2\/pages"}],"about":[{"href":"https:\/\/lucasoil.co.uk\/pl\/wp-json\/wp\/v2\/types\/page"}],"author":[{"embeddable":true,"href":"https:\/\/lucasoil.co.uk\/pl\/wp-json\/wp\/v2\/users\/1"}],"replies":[{"embeddable":true,"href":"https:\/\/lucasoil.co.uk\/pl\/wp-json\/wp\/v2\/comments?post=31532"}],"version-history":[{"count":1,"href":"https:\/\/lucasoil.co.uk\/pl\/wp-json\/wp\/v2\/pages\/31532\/revisions"}],"predecessor-version":[{"id":31533,"href":"https:\/\/lucasoil.co.uk\/pl\/wp-json\/wp\/v2\/pages\/31532\/revisions\/31533"}],"wp:attachment":[{"href":"https:\/\/lucasoil.co.uk\/pl\/wp-json\/wp\/v2\/media?parent=31532"}],"curies":[{"name":"wp","href":"https:\/\/api.w.org\/{rel}","templated":true}]}}