{"id":31534,"date":"2024-04-19T15:14:41","date_gmt":"2024-04-19T19:14:41","guid":{"rendered":"https:\/\/lucasoil.co.uk\/specjalizacja-motocykle\/"},"modified":"2025-11-25T13:00:09","modified_gmt":"2025-11-25T18:00:09","slug":"specjalizacja-motocykle","status":"publish","type":"page","link":"https:\/\/lucasoil.co.uk\/pl\/specjalizacja-motocykle\/","title":{"rendered":"Specjalizacja: Motocykle"},"content":{"rendered":"\n<h2 class=\"gb-headline gb-headline-7f77424e gb-headline-text\">MOTOCYKL<\/h2>\n\n<p>Kiedy nadchodzi czas na jazd\u0119, Lucas zapewnia Ci p\u0142ynno\u015b\u0107 dzia\u0142ania. Nasza dedykowana linia produkt\u00f3w dla motocykli oferuje kierowcom szerok\u0105 gam\u0119 wysokiej jako\u015bci olej\u00f3w, dodatk\u00f3w do paliwa i smar\u00f3w do wszelkich przyg\u00f3d na dw\u00f3ch ko\u0142ach. Dzi\u0119ki produktom Lucas w zbiorniku mo\u017cesz oczekiwa\u0107 lepszej wydajno\u015bci silnika, d\u0142u\u017cszej \u017cywotno\u015bci, poprawy efektywno\u015bci paliwowej i \u0142atwej konserwacji, co pozwala Ci si\u0119 zrelaksowa\u0107 i po prostu cieszy\u0107 jazd\u0105.  <\/p>\n","protected":false},"excerpt":{"rendered":"<p>MOTOCYKL Kiedy nadchodzi czas na jazd\u0119, Lucas zapewnia Ci p\u0142ynno\u015b\u0107 dzia\u0142ania. Nasza dedykowana linia produkt\u00f3w dla motocykli oferuje kierowcom szerok\u0105 gam\u0119 wysokiej jako\u015bci olej\u00f3w, dodatk\u00f3w do paliwa i smar\u00f3w do wszelkich przyg\u00f3d na dw\u00f3ch ko\u0142ach. Dzi\u0119ki produktom Lucas w zbiorniku mo\u017cesz oczekiwa\u0107 lepszej wydajno\u015bci silnika, d\u0142u\u017cszej \u017cywotno\u015bci, poprawy efektywno\u015bci paliwowej i \u0142atwej konserwacji, co pozwala [&hellip;]<\/p>\n","protected":false},"author":1,"featured_media":0,"parent":0,"menu_order":0,"comment_status":"closed","ping_status":"closed","template":"lifestyle-motorcycle.php","meta":{"_acf_changed":false,"footnotes":""},"class_list":["post-31534","page","type-page","status-publish","hentry"],"acf":[],"_links":{"self":[{"href":"https:\/\/lucasoil.co.uk\/pl\/wp-json\/wp\/v2\/pages\/31534","targetHints":{"allow":["GET"]}}],"collection":[{"href":"https:\/\/lucasoil.co.uk\/pl\/wp-json\/wp\/v2\/pages"}],"about":[{"href":"https:\/\/lucasoil.co.uk\/pl\/wp-json\/wp\/v2\/types\/page"}],"author":[{"embeddable":true,"href":"https:\/\/lucasoil.co.uk\/pl\/wp-json\/wp\/v2\/users\/1"}],"replies":[{"embeddable":true,"href":"https:\/\/lucasoil.co.uk\/pl\/wp-json\/wp\/v2\/comments?post=31534"}],"version-history":[{"count":1,"href":"https:\/\/lucasoil.co.uk\/pl\/wp-json\/wp\/v2\/pages\/31534\/revisions"}],"predecessor-version":[{"id":31535,"href":"https:\/\/lucasoil.co.uk\/pl\/wp-json\/wp\/v2\/pages\/31534\/revisions\/31535"}],"wp:attachment":[{"href":"https:\/\/lucasoil.co.uk\/pl\/wp-json\/wp\/v2\/media?parent=31534"}],"curies":[{"name":"wp","href":"https:\/\/api.w.org\/{rel}","templated":true}]}}