{"id":31536,"date":"2024-04-19T15:17:38","date_gmt":"2024-04-19T19:17:38","guid":{"rendered":"https:\/\/lucasoil.co.uk\/specjalnosc-outdoor\/"},"modified":"2025-11-25T13:00:38","modified_gmt":"2025-11-25T18:00:38","slug":"specjalnosc-outdoor","status":"publish","type":"page","link":"https:\/\/lucasoil.co.uk\/pl\/specjalnosc-outdoor\/","title":{"rendered":"Specjalno\u015b\u0107: Outdoor"},"content":{"rendered":"\n<h2 class=\"gb-headline gb-headline-430e0448 gb-headline-text\">OUTDOOR<\/h2>\n\n<p>Niezale\u017cnie od tego, czy wybierasz si\u0119 w g\u00f3ry, aby polowa\u0107 na 8-punktowego jelenia, czy przygotowujesz quad lub \u0142\u00f3d\u017a na weekend, b\u0105d\u017a gotowy dzi\u0119ki olejom i dodatkom Lucas przeznaczonym do przyg\u00f3d. Znajd\u017a wysokowydajne, przystosowane do wszystkich warunk\u00f3w pogodowych oleje silnikowe, \u015brodki do czyszczenia broni palnej i wiele innych produkt\u00f3w, kt\u00f3re zapewni\u0105 bezpieczne i niezawodne dzia\u0142anie Twojego sprz\u0119tu outdoorowego. <\/p>\n","protected":false},"excerpt":{"rendered":"<p>OUTDOOR Niezale\u017cnie od tego, czy wybierasz si\u0119 w g\u00f3ry, aby polowa\u0107 na 8-punktowego jelenia, czy przygotowujesz quad lub \u0142\u00f3d\u017a na weekend, b\u0105d\u017a gotowy dzi\u0119ki olejom i dodatkom Lucas przeznaczonym do przyg\u00f3d. Znajd\u017a wysokowydajne, przystosowane do wszystkich warunk\u00f3w pogodowych oleje silnikowe, \u015brodki do czyszczenia broni palnej i wiele innych produkt\u00f3w, kt\u00f3re zapewni\u0105 bezpieczne i niezawodne dzia\u0142anie [&hellip;]<\/p>\n","protected":false},"author":1,"featured_media":0,"parent":0,"menu_order":0,"comment_status":"closed","ping_status":"closed","template":"lifestyle-outdoor.php","meta":{"_acf_changed":false,"footnotes":""},"class_list":["post-31536","page","type-page","status-publish","hentry"],"acf":[],"_links":{"self":[{"href":"https:\/\/lucasoil.co.uk\/pl\/wp-json\/wp\/v2\/pages\/31536","targetHints":{"allow":["GET"]}}],"collection":[{"href":"https:\/\/lucasoil.co.uk\/pl\/wp-json\/wp\/v2\/pages"}],"about":[{"href":"https:\/\/lucasoil.co.uk\/pl\/wp-json\/wp\/v2\/types\/page"}],"author":[{"embeddable":true,"href":"https:\/\/lucasoil.co.uk\/pl\/wp-json\/wp\/v2\/users\/1"}],"replies":[{"embeddable":true,"href":"https:\/\/lucasoil.co.uk\/pl\/wp-json\/wp\/v2\/comments?post=31536"}],"version-history":[{"count":1,"href":"https:\/\/lucasoil.co.uk\/pl\/wp-json\/wp\/v2\/pages\/31536\/revisions"}],"predecessor-version":[{"id":31537,"href":"https:\/\/lucasoil.co.uk\/pl\/wp-json\/wp\/v2\/pages\/31536\/revisions\/31537"}],"wp:attachment":[{"href":"https:\/\/lucasoil.co.uk\/pl\/wp-json\/wp\/v2\/media?parent=31536"}],"curies":[{"name":"wp","href":"https:\/\/api.w.org\/{rel}","templated":true}]}}