{"id":31538,"date":"2024-04-19T15:37:16","date_gmt":"2024-04-19T19:37:16","guid":{"rendered":"https:\/\/lucasoil.co.uk\/specjalnosc-wyscigi\/"},"modified":"2025-11-25T13:01:50","modified_gmt":"2025-11-25T18:01:50","slug":"specjalnosc-wyscigi","status":"publish","type":"page","link":"https:\/\/lucasoil.co.uk\/pl\/specjalnosc-wyscigi\/","title":{"rendered":"Specjalno\u015b\u0107: Wy\u015bcigi"},"content":{"rendered":"\n<h2 class=\"gb-headline gb-headline-d49aac6b gb-headline-text\">WY\u015aCIGI<\/h2>\n\n<p>Linia produkt\u00f3w Lucas Racing Only odzwierciedla do\u015bwiadczenie i precyzj\u0119 zespo\u0142u badawczo-rozwojowego Lucas, czerpi\u0105c z ponad 30 lat do\u015bwiadczenia w wy\u015bcigach. Optymalizuj\u0105c delikatn\u0105 r\u00f3wnowag\u0119 mocy i trwa\u0142o\u015bci w wysokowydajnych silnikach, linia Racing Only umo\u017cliwia zespo\u0142om osi\u0105gni\u0119cie najlepszej konkurencyjnej przewagi jak to tylko mo\u017cliwe dzi\u0119ki kompleksowemu wyborowi profesjonalnie wyprodukowanych olej\u00f3w silnikowych, olej\u00f3w przek\u0142adniowych, dodatk\u00f3w i innych produkt\u00f3w. <\/p>\n","protected":false},"excerpt":{"rendered":"<p>WY\u015aCIGI Linia produkt\u00f3w Lucas Racing Only odzwierciedla do\u015bwiadczenie i precyzj\u0119 zespo\u0142u badawczo-rozwojowego Lucas, czerpi\u0105c z ponad 30 lat do\u015bwiadczenia w wy\u015bcigach. Optymalizuj\u0105c delikatn\u0105 r\u00f3wnowag\u0119 mocy i trwa\u0142o\u015bci w wysokowydajnych silnikach, linia Racing Only umo\u017cliwia zespo\u0142om osi\u0105gni\u0119cie najlepszej konkurencyjnej przewagi jak to tylko mo\u017cliwe dzi\u0119ki kompleksowemu wyborowi profesjonalnie wyprodukowanych olej\u00f3w silnikowych, olej\u00f3w przek\u0142adniowych, dodatk\u00f3w i innych [&hellip;]<\/p>\n","protected":false},"author":1,"featured_media":0,"parent":0,"menu_order":0,"comment_status":"closed","ping_status":"closed","template":"lifestyle-racing.php","meta":{"_acf_changed":false,"footnotes":""},"class_list":["post-31538","page","type-page","status-publish","hentry"],"acf":[],"_links":{"self":[{"href":"https:\/\/lucasoil.co.uk\/pl\/wp-json\/wp\/v2\/pages\/31538","targetHints":{"allow":["GET"]}}],"collection":[{"href":"https:\/\/lucasoil.co.uk\/pl\/wp-json\/wp\/v2\/pages"}],"about":[{"href":"https:\/\/lucasoil.co.uk\/pl\/wp-json\/wp\/v2\/types\/page"}],"author":[{"embeddable":true,"href":"https:\/\/lucasoil.co.uk\/pl\/wp-json\/wp\/v2\/users\/1"}],"replies":[{"embeddable":true,"href":"https:\/\/lucasoil.co.uk\/pl\/wp-json\/wp\/v2\/comments?post=31538"}],"version-history":[{"count":1,"href":"https:\/\/lucasoil.co.uk\/pl\/wp-json\/wp\/v2\/pages\/31538\/revisions"}],"predecessor-version":[{"id":31539,"href":"https:\/\/lucasoil.co.uk\/pl\/wp-json\/wp\/v2\/pages\/31538\/revisions\/31539"}],"wp:attachment":[{"href":"https:\/\/lucasoil.co.uk\/pl\/wp-json\/wp\/v2\/media?parent=31538"}],"curies":[{"name":"wp","href":"https:\/\/api.w.org\/{rel}","templated":true}]}}