{"id":31572,"date":"2024-06-04T16:25:44","date_gmt":"2024-06-04T20:25:44","guid":{"rendered":"https:\/\/lucasoil.co.uk\/referencje-transmisja\/"},"modified":"2025-11-25T13:23:11","modified_gmt":"2025-11-25T18:23:11","slug":"referencje-transmisja","status":"publish","type":"page","link":"https:\/\/lucasoil.co.uk\/pl\/referencje\/referencje-transmisja\/","title":{"rendered":"Referencje \u2013 Transmisja"},"content":{"rendered":"\n<h2 class=\"gb-headline gb-headline-90bed952 gb-headline-text\">POS\u0141UCHAJ, CO M\u00d3WI\u0104 NASI KLIENCI<\/h2>\n\n<p class=\"has-text-align-center\">Firma Lucas Oil Products powsta\u0142a w 1989 roku, kieruj\u0105c si\u0119 prost\u0105 filozofi\u0105 produkcji najlepszej linii smar\u00f3w i dodatk\u00f3w dost\u0119pnych na rynku. Wierzymy w t\u0119 filozofi\u0119 i nadal produkujemy najlepsze oleje dost\u0119pne obecnie na \u015bwiecie. <\/p>\n<div class=\"gb-container gb-container-30c9a494\">\n\n<a class=\"gb-button gb-button-5720eecc gb-button-text\" href=\"#sharestory\">Podziel si\u0119 swoj\u0105 histori\u0105 zwi\u0105zan\u0105 z Lucasem<\/a>\n\n<\/div><div class=\"gb-container gb-container-fe12a466\">\n\n<h2 class=\"gb-headline gb-headline-1ef2c21a gb-headline-text\">nie wierzcie naszym s\u0142owom w tej sprawie.<\/h2>\n\n\n\n<p class=\"has-text-align-center\">Kliknij na kategori\u0119 produktu poni\u017cej, aby przeczyta\u0107 co prawdziwi u\u017cytkownicy Lucas Oil maj\u0105do powiedzenia na temat swoich do\u015bwiadcze\u0144 z naszymi produktami.<\/p>\n\n<\/div><div class=\"gb-container gb-container-ca1fb4e2\">\n\n<div class=\"wp-block-columns is-layout-flex wp-container-core-columns-is-layout-9d6595d7 wp-block-columns-is-layout-flex\">\n<div class=\"wp-block-column is-layout-flow wp-block-column-is-layout-flow\" style=\"flex-basis:20%\">\n<figure class=\"wp-block-image size-full\"><img loading=\"lazy\" decoding=\"async\" width=\"512\" height=\"698\" src=\"https:\/\/lucasoil.co.uk\/wp-content\/uploads\/2024\/06\/transmission.png\" alt=\"Transmisja Produkty\" class=\"wp-image-28333\" srcset=\"https:\/\/lucasoil.co.uk\/wp-content\/uploads\/2024\/06\/transmission.png 512w, https:\/\/lucasoil.co.uk\/wp-content\/uploads\/2024\/06\/transmission-220x300.png 220w\" sizes=\"auto, (max-width: 512px) 100vw, 512px\" \/><\/figure>\n<\/div>\n\n\n\n<div class=\"wp-block-column is-layout-flow wp-block-column-is-layout-flow\" style=\"flex-basis:80%\">\n<h2 class=\"gb-headline gb-headline-a84869d8 gb-headline-text\">TRANSMISJA<\/h2>\n\n\n\n<p style=\"font-style:normal;font-weight:300\">Specjalnie opracowane mieszanki eliminuj\u0105 drgania, zapobiegaj\u0105 \u015blizganiu si\u0119, wycieki, zu\u017cycie, nier\u00f3wn\u0105 zmian\u0119 bieg\u00f3w i znacznie wyd\u0142u\u017caj\u0105 \u017cywotno\u015b\u0107 przek\u0142adni w r\u00f3\u017cnorodnym zakresie zastosowa\u0144. Produkty Lucas do przek\u0142adni s\u0105 idealne do zu\u017cytych przek\u0142adni, sprz\u0119tu rolniczego , samochody osobowe samochody, kosiarki do trawnik\u00f3w kosiarki, ci\u0119\u017ckie ci\u0119\u017car\u00f3wki ci\u0119\u017car\u00f3wki i inne pojazdy, zapewniaj\u0105c niezawodne rozwi\u0105zanie dla p\u0142ynniejszej i bardziej niezawodnej zmiany bieg\u00f3w. <\/p>\n\n\n<div class=\"gb-grid-wrapper gb-grid-wrapper-bd7be120\">\n<div class=\"gb-grid-column gb-grid-column-1de00515\"><div class=\"gb-container gb-container-1de00515\">\n\n<a class=\"gb-button gb-button-c041ac70 gb-button-text\" href=\"https:\/\/lucasoil.co.uk\/transmission\/\">DOWIEDZ SI\u0118 WI\u0118CEJ<\/a>\n\n<\/div><\/div>\n\n<div class=\"gb-grid-column gb-grid-column-a9b73b2d\"><div class=\"gb-container gb-container-a9b73b2d\">\n\n<a class=\"gb-button gb-button-f9daf2d3 gb-button-text\" href=\"https:\/\/lucasoil.co.uk\/where-to-buy\/\">KUP ONLINE<\/a>\n\n<\/div><\/div>\n\n<div class=\"gb-grid-column gb-grid-column-ee029d5c\"><div class=\"gb-container gb-container-ee029d5c\">\n\n<a class=\"gb-button gb-button-9d6dd905 gb-button-text\" href=\"https:\/\/lucasoil.co.uk\/where-to-buy\/\">ZNAJD\u0179 W SKLEPIE<\/a>\n\n<\/div><\/div>\n<\/div><\/div>\n<\/div>\n\n<\/div>","protected":false},"excerpt":{"rendered":"<p>POS\u0141UCHAJ, CO M\u00d3WI\u0104 NASI KLIENCI Firma Lucas Oil Products powsta\u0142a w 1989 roku, kieruj\u0105c si\u0119 prost\u0105 filozofi\u0105 produkcji najlepszej linii smar\u00f3w i dodatk\u00f3w dost\u0119pnych na rynku. Wierzymy w t\u0119 filozofi\u0119 i nadal produkujemy najlepsze oleje dost\u0119pne obecnie na \u015bwiecie. nie wierzcie naszym s\u0142owom w tej sprawie. Kliknij na kategori\u0119 produktu poni\u017cej, aby przeczyta\u0107 co prawdziwi [&hellip;]<\/p>\n","protected":false},"author":1,"featured_media":0,"parent":31596,"menu_order":0,"comment_status":"closed","ping_status":"closed","template":"category-testimonial-transmission.php","meta":{"_acf_changed":false,"footnotes":""},"class_list":["post-31572","page","type-page","status-publish","hentry"],"acf":[],"_links":{"self":[{"href":"https:\/\/lucasoil.co.uk\/pl\/wp-json\/wp\/v2\/pages\/31572","targetHints":{"allow":["GET"]}}],"collection":[{"href":"https:\/\/lucasoil.co.uk\/pl\/wp-json\/wp\/v2\/pages"}],"about":[{"href":"https:\/\/lucasoil.co.uk\/pl\/wp-json\/wp\/v2\/types\/page"}],"author":[{"embeddable":true,"href":"https:\/\/lucasoil.co.uk\/pl\/wp-json\/wp\/v2\/users\/1"}],"replies":[{"embeddable":true,"href":"https:\/\/lucasoil.co.uk\/pl\/wp-json\/wp\/v2\/comments?post=31572"}],"version-history":[{"count":1,"href":"https:\/\/lucasoil.co.uk\/pl\/wp-json\/wp\/v2\/pages\/31572\/revisions"}],"predecessor-version":[{"id":31574,"href":"https:\/\/lucasoil.co.uk\/pl\/wp-json\/wp\/v2\/pages\/31572\/revisions\/31574"}],"up":[{"embeddable":true,"href":"https:\/\/lucasoil.co.uk\/pl\/wp-json\/wp\/v2\/pages\/31596"}],"wp:attachment":[{"href":"https:\/\/lucasoil.co.uk\/pl\/wp-json\/wp\/v2\/media?parent=31572"}],"curies":[{"name":"wp","href":"https:\/\/api.w.org\/{rel}","templated":true}]}}