{"id":31578,"date":"2024-06-04T16:24:43","date_gmt":"2024-06-04T20:24:43","guid":{"rendered":"https:\/\/lucasoil.co.uk\/referencje-olej-silnikowy-dodatki\/"},"modified":"2025-11-25T13:23:11","modified_gmt":"2025-11-25T18:23:11","slug":"referencje-olej-silnikowy-dodatki","status":"publish","type":"page","link":"https:\/\/lucasoil.co.uk\/pl\/referencje\/referencje-olej-silnikowy-dodatki\/","title":{"rendered":"Referencje \u2013 Olej silnikowy Dodatki"},"content":{"rendered":"\n<h2 class=\"gb-headline gb-headline-90bed952 gb-headline-text\">POS\u0141UCHAJ, CO M\u00d3WI\u0104 NASI KLIENCI<\/h2>\n\n<p class=\"has-text-align-center\">Firma Lucas Oil Products powsta\u0142a w 1989 roku, kieruj\u0105c si\u0119 prost\u0105 filozofi\u0105 produkcji najlepszej linii smar\u00f3w i dodatk\u00f3w dost\u0119pnych na rynku. Wierzymy w t\u0119 filozofi\u0119 i nadal produkujemy najlepsze oleje dost\u0119pne obecnie na \u015bwiecie. <\/p>\n<div class=\"gb-container gb-container-30c9a494\">\n\n<a class=\"gb-button gb-button-5720eecc gb-button-text\" href=\"#sharestory\">Podziel si\u0119 swoj\u0105 histori\u0105 zwi\u0105zan\u0105 z Lucasem<\/a>\n\n<\/div><div class=\"gb-container gb-container-fe12a466\">\n\n<h2 class=\"gb-headline gb-headline-1ef2c21a gb-headline-text\">Nie wierz nam na s\u0142owo.<\/h2>\n\n\n\n<p class=\"has-text-align-center\">Kliknij poni\u017cej na kategori\u0119 produkt\u00f3w, aby przeczyta\u0107 opinie prawdziwych u\u017cytkownik\u00f3w Lucas Oil na temat ich do\u015bwiadcze\u0144 z naszymi produktami.<\/p>\n\n<\/div><div class=\"gb-container gb-container-ca1fb4e2\">\n\n<div class=\"wp-block-columns is-layout-flex wp-container-core-columns-is-layout-9d6595d7 wp-block-columns-is-layout-flex\">\n<div class=\"wp-block-column is-layout-flow wp-block-column-is-layout-flow\" style=\"flex-basis:20%\">\n<figure class=\"wp-block-image size-full\"><img loading=\"lazy\" decoding=\"async\" width=\"512\" height=\"698\" src=\"https:\/\/lucasoil.co.uk\/wp-content\/uploads\/2024\/06\/engine-oil-additives.png\" alt=\"Dodatki do oleju silnikowego\" class=\"wp-image-28329\" srcset=\"https:\/\/lucasoil.co.uk\/wp-content\/uploads\/2024\/06\/engine-oil-additives.png 512w, https:\/\/lucasoil.co.uk\/wp-content\/uploads\/2024\/06\/engine-oil-additives-220x300.png 220w\" sizes=\"auto, (max-width: 512px) 100vw, 512px\" \/><\/figure>\n<\/div>\n\n\n\n<div class=\"wp-block-column is-layout-flow wp-block-column-is-layout-flow\" style=\"flex-basis:80%\">\n<h2 class=\"gb-headline gb-headline-a84869d8 gb-headline-text\">OLEJ SILNIKOWY DODATKI<\/h2>\n\n\n\n<p style=\"font-style:normal;font-weight:300\">Dodatki do oleju pomagaj\u0105 zmniejszy\u0107 tarcie i zu\u017cycie, przed\u0142u\u017caj\u0105c \u017cywotno\u015b\u0107 element\u00f3w silnika i zapewniaj\u0105c p\u0142ynniejsz\u0105 prac\u0119. Dodatki Lucas mog\u0105 poprawi\u0107 oszcz\u0119dno\u015b\u0107 paliwa, zwi\u0119kszy\u0107 czysto\u015b\u0107 silnika poprzez zapobieganie osadzaniu si\u0119 osad\u00f3w oraz zapewni\u0107 lepsz\u0105 ochron\u0119 przed utlenianiem i korozj\u0105, poprawiaj\u0105c og\u00f3ln\u0105 wydajno\u015b\u0107 i sprawno\u015b\u0107 pojazdu. Dzi\u0119ki specjalistycznym mieszankom do zastosowa\u0144 takich jak docieranie silnika, du\u017ce przebiegi, ci\u0119\u017ckie warunki eksploatacji lub pojazdy importowane, znajdziesz najlepszy dodatek dostosowany do swoich potrzeb.  <\/p>\n\n\n<div class=\"gb-grid-wrapper gb-grid-wrapper-bd7be120\">\n<div class=\"gb-grid-column gb-grid-column-1de00515\"><div class=\"gb-container gb-container-1de00515\">\n\n<a class=\"gb-button gb-button-c041ac70 gb-button-text\" href=\"https:\/\/lucasoil.co.uk\/engine-oil-additives\/\">DOWIEDZ SI\u0118 WI\u0118CEJ<\/a>\n\n<\/div><\/div>\n\n<div class=\"gb-grid-column gb-grid-column-a9b73b2d\"><div class=\"gb-container gb-container-a9b73b2d\">\n\n<a class=\"gb-button gb-button-f9daf2d3 gb-button-text\" href=\"https:\/\/lucasoil.co.uk\/where-to-buy\/\">KUP ONLINE<\/a>\n\n<\/div><\/div>\n\n<div class=\"gb-grid-column gb-grid-column-ee029d5c\"><div class=\"gb-container gb-container-ee029d5c\">\n\n<a class=\"gb-button gb-button-9d6dd905 gb-button-text\" href=\"https:\/\/lucasoil.co.uk\/where-to-buy\/\">ZNAJD\u0179 W SKLEPIE<\/a>\n\n<\/div><\/div>\n<\/div><\/div>\n<\/div>\n\n<\/div>","protected":false},"excerpt":{"rendered":"<p>POS\u0141UCHAJ, CO M\u00d3WI\u0104 NASI KLIENCI Firma Lucas Oil Products powsta\u0142a w 1989 roku, kieruj\u0105c si\u0119 prost\u0105 filozofi\u0105 produkcji najlepszej linii smar\u00f3w i dodatk\u00f3w dost\u0119pnych na rynku. Wierzymy w t\u0119 filozofi\u0119 i nadal produkujemy najlepsze oleje dost\u0119pne obecnie na \u015bwiecie. Nie wierz nam na s\u0142owo. Kliknij poni\u017cej na kategori\u0119 produkt\u00f3w, aby przeczyta\u0107 opinie prawdziwych u\u017cytkownik\u00f3w Lucas [&hellip;]<\/p>\n","protected":false},"author":1,"featured_media":0,"parent":31596,"menu_order":0,"comment_status":"closed","ping_status":"closed","template":"category-testimonial-engineoiladditives.php","meta":{"_acf_changed":false,"footnotes":""},"class_list":["post-31578","page","type-page","status-publish","hentry"],"acf":[],"_links":{"self":[{"href":"https:\/\/lucasoil.co.uk\/pl\/wp-json\/wp\/v2\/pages\/31578","targetHints":{"allow":["GET"]}}],"collection":[{"href":"https:\/\/lucasoil.co.uk\/pl\/wp-json\/wp\/v2\/pages"}],"about":[{"href":"https:\/\/lucasoil.co.uk\/pl\/wp-json\/wp\/v2\/types\/page"}],"author":[{"embeddable":true,"href":"https:\/\/lucasoil.co.uk\/pl\/wp-json\/wp\/v2\/users\/1"}],"replies":[{"embeddable":true,"href":"https:\/\/lucasoil.co.uk\/pl\/wp-json\/wp\/v2\/comments?post=31578"}],"version-history":[{"count":1,"href":"https:\/\/lucasoil.co.uk\/pl\/wp-json\/wp\/v2\/pages\/31578\/revisions"}],"predecessor-version":[{"id":31580,"href":"https:\/\/lucasoil.co.uk\/pl\/wp-json\/wp\/v2\/pages\/31578\/revisions\/31580"}],"up":[{"embeddable":true,"href":"https:\/\/lucasoil.co.uk\/pl\/wp-json\/wp\/v2\/pages\/31596"}],"wp:attachment":[{"href":"https:\/\/lucasoil.co.uk\/pl\/wp-json\/wp\/v2\/media?parent=31578"}],"curies":[{"name":"wp","href":"https:\/\/api.w.org\/{rel}","templated":true}]}}