{"id":31587,"date":"2024-06-04T16:23:46","date_gmt":"2024-06-04T20:23:46","guid":{"rendered":"https:\/\/lucasoil.co.uk\/referencje-wyglad\/"},"modified":"2025-11-25T13:23:11","modified_gmt":"2025-11-25T18:23:11","slug":"referencje-wyglad","status":"publish","type":"page","link":"https:\/\/lucasoil.co.uk\/pl\/referencje\/referencje-wyglad\/","title":{"rendered":"Referencje \u2013 Wygl\u0105d"},"content":{"rendered":"\n<h2 class=\"gb-headline gb-headline-90bed952 gb-headline-text\">POS\u0141UCHAJ, CO M\u00d3WI\u0104 NASI KLIENCI<\/h2>\n\n<p class=\"has-text-align-center\">Firma Lucas Oil Products powsta\u0142a w 1989 roku, kieruj\u0105c si\u0119 prost\u0105 filozofi\u0105 produkcji najlepszej linii smar\u00f3w i dodatk\u00f3w dost\u0119pnych na rynku. Wierzymy w t\u0119 filozofi\u0119 i nadal produkujemy najlepsze oleje dost\u0119pne obecnie na \u015bwiecie. <\/p>\n<div class=\"gb-container gb-container-30c9a494\">\n\n<a class=\"gb-button gb-button-5720eecc gb-button-text\" href=\"#sharestory\">Podziel si\u0119 swoj\u0105 histori\u0105 zwi\u0105zan\u0105 z Lucasem<\/a>\n\n<\/div><div class=\"gb-container gb-container-fe12a466\">\n\n<h2 class=\"gb-headline gb-headline-1ef2c21a gb-headline-text\">Nie wierz nam na s\u0142owo.<\/h2>\n\n\n\n<p class=\"has-text-align-center\">Kliknij poni\u017cej na kategori\u0119 produkt\u00f3w, aby przeczyta\u0107 opinie prawdziwych u\u017cytkownik\u00f3w Lucas Oil na temat ich do\u015bwiadcze\u0144 z naszymi produktami.<\/p>\n\n<\/div><div class=\"gb-container gb-container-ca1fb4e2\">\n\n<div class=\"wp-block-columns is-layout-flex wp-container-core-columns-is-layout-9d6595d7 wp-block-columns-is-layout-flex\">\n<div class=\"wp-block-column is-layout-flow wp-block-column-is-layout-flow\" style=\"flex-basis:20%\">\n<figure class=\"wp-block-image size-full\"><img loading=\"lazy\" decoding=\"async\" width=\"512\" height=\"698\" src=\"https:\/\/lucasoil.co.uk\/wp-content\/uploads\/2024\/06\/appearance.png\" alt=\"Lucas Wygl&#x105;d Produkty\" class=\"wp-image-28317\" srcset=\"https:\/\/lucasoil.co.uk\/wp-content\/uploads\/2024\/06\/appearance.png 512w, https:\/\/lucasoil.co.uk\/wp-content\/uploads\/2024\/06\/appearance-220x300.png 220w\" sizes=\"auto, (max-width: 512px) 100vw, 512px\" \/><\/figure>\n<\/div>\n\n\n\n<div class=\"wp-block-column is-layout-flow wp-block-column-is-layout-flow\" style=\"flex-basis:80%\">\n<h2 class=\"gb-headline gb-headline-a84869d8 gb-headline-text\">PRODUKTY DO PIEL\u0118GNACJI WYGL\u0104DU<\/h2>\n\n\n\n<p style=\"font-style:normal;font-weight:300\">Popraw wygl\u0105d swojego pojazdu dzi\u0119ki produktom do piel\u0119gnacji wygl\u0105du marki Lucas. Od \u015brodk\u00f3w do nab\u0142yszczania opon o wysokim po\u0142ysku po ceramiczne woski szybkiego dzia\u0142ania \u2014 nasze produkty zapewniaj\u0105 profesjonalne rezultaty, kt\u00f3re s\u0105 \u0142atwe do osi\u0105gni\u0119cia. Przywr\u00f3\u0107 po\u0142ysk, wyczy\u015b\u0107 i zabezpiecz przed promieniowaniem UV dzi\u0119ki \u015brodkom do piel\u0119gnacji, kt\u00f3re zapewniaj\u0105 d\u0142ugotrwa\u0142e wyko\u0144czenie i doskonale sprawdzaj\u0105 si\u0119 w przypadku samochod\u00f3w, ci\u0119\u017car\u00f3wek i \u0142odzi, a tak\u017ce s\u0105 bezpieczne w u\u017cyciu na ok\u0142adzinach winylowych, naklejkach, sk\u00f3rze, plastikowych lub aluminiowych powierzchniach.  <\/p>\n\n\n<div class=\"gb-grid-wrapper gb-grid-wrapper-bd7be120\">\n<div class=\"gb-grid-column gb-grid-column-1de00515\"><div class=\"gb-container gb-container-1de00515\">\n\n<a class=\"gb-button gb-button-c041ac70 gb-button-text\" href=\"https:\/\/lucasoil.co.uk\/appearance\/\">DOWIEDZ SI\u0118 WI\u0118CEJ<\/a>\n\n<\/div><\/div>\n\n<div class=\"gb-grid-column gb-grid-column-a9b73b2d\"><div class=\"gb-container gb-container-a9b73b2d\">\n\n<a class=\"gb-button gb-button-f9daf2d3 gb-button-text\" href=\"https:\/\/lucasoil.co.uk\/where-to-buy\/\">KUP ONLINE<\/a>\n\n<\/div><\/div>\n\n<div class=\"gb-grid-column gb-grid-column-ee029d5c\"><div class=\"gb-container gb-container-ee029d5c\">\n\n<a class=\"gb-button gb-button-9d6dd905 gb-button-text\" href=\"https:\/\/lucasoil.co.uk\/where-to-buy\/\">ZNAJD\u0179 W SKLEPIE<\/a>\n\n<\/div><\/div>\n<\/div><\/div>\n<\/div>\n\n<\/div>","protected":false},"excerpt":{"rendered":"<p>POS\u0141UCHAJ, CO M\u00d3WI\u0104 NASI KLIENCI Firma Lucas Oil Products powsta\u0142a w 1989 roku, kieruj\u0105c si\u0119 prost\u0105 filozofi\u0105 produkcji najlepszej linii smar\u00f3w i dodatk\u00f3w dost\u0119pnych na rynku. Wierzymy w t\u0119 filozofi\u0119 i nadal produkujemy najlepsze oleje dost\u0119pne obecnie na \u015bwiecie. Nie wierz nam na s\u0142owo. Kliknij poni\u017cej na kategori\u0119 produkt\u00f3w, aby przeczyta\u0107 opinie prawdziwych u\u017cytkownik\u00f3w Lucas [&hellip;]<\/p>\n","protected":false},"author":1,"featured_media":0,"parent":31596,"menu_order":0,"comment_status":"closed","ping_status":"closed","template":"category-testimonial-appearance.php","meta":{"_acf_changed":false,"footnotes":""},"class_list":["post-31587","page","type-page","status-publish","hentry"],"acf":[],"_links":{"self":[{"href":"https:\/\/lucasoil.co.uk\/pl\/wp-json\/wp\/v2\/pages\/31587","targetHints":{"allow":["GET"]}}],"collection":[{"href":"https:\/\/lucasoil.co.uk\/pl\/wp-json\/wp\/v2\/pages"}],"about":[{"href":"https:\/\/lucasoil.co.uk\/pl\/wp-json\/wp\/v2\/types\/page"}],"author":[{"embeddable":true,"href":"https:\/\/lucasoil.co.uk\/pl\/wp-json\/wp\/v2\/users\/1"}],"replies":[{"embeddable":true,"href":"https:\/\/lucasoil.co.uk\/pl\/wp-json\/wp\/v2\/comments?post=31587"}],"version-history":[{"count":1,"href":"https:\/\/lucasoil.co.uk\/pl\/wp-json\/wp\/v2\/pages\/31587\/revisions"}],"predecessor-version":[{"id":31589,"href":"https:\/\/lucasoil.co.uk\/pl\/wp-json\/wp\/v2\/pages\/31587\/revisions\/31589"}],"up":[{"embeddable":true,"href":"https:\/\/lucasoil.co.uk\/pl\/wp-json\/wp\/v2\/pages\/31596"}],"wp:attachment":[{"href":"https:\/\/lucasoil.co.uk\/pl\/wp-json\/wp\/v2\/media?parent=31587"}],"curies":[{"name":"wp","href":"https:\/\/api.w.org\/{rel}","templated":true}]}}