{"id":31609,"date":"2024-03-13T13:10:21","date_gmt":"2024-03-13T17:10:21","guid":{"rendered":"https:\/\/lucasoil.co.uk\/ambasadorzy\/"},"modified":"2025-11-25T16:37:12","modified_gmt":"2025-11-25T21:37:12","slug":"ambasadorzy","status":"publish","type":"page","link":"https:\/\/lucasoil.co.uk\/pl\/ambasadorzy\/","title":{"rendered":"Ambasadorzy"},"content":{"rendered":"\n<div class=\"cta filter\">\n\t<a href=\"#\" class=\"all active\" data-filter=\"all\">Poka\u017c wszystko<\/a>\n<a href=\"#\" class=\"sort-btn\" data-filter=\"dragracing\">Wy\u015bcigi drag racing<\/a>\n<a href=\"#\" class=\"sort-btn\" data-filter=\"drifting\">Drifting\n<\/a><a href=\"#\" class=\"sort-btn\" data-filter=\"jetski\">Skutery wodne<\/a>\n<a href=\"#\" class=\"sort-btn\" data-filter=\"monstertrucks\">Monster Trucks<\/a>\n<a href=\"#\" class=\"sort-btn\" data-filter=\"motorcycle\">Motocykle<\/a>\n<a href=\"#\" class=\"sort-btn\" data-filter=\"openwheel\">Wy\u015bcigi samochod\u00f3w<\/a>\n<a href=\"#\" class=\"sort-btn\" data-filter=\"roadracing\">samochod\u00f3w<\/a>\n<\/div>\n\n\n<div class=\"boxes\">\n\t\n\t\n<div class=\"ambassador-container\" data-category=\"roadracing\">\n\t<img decoding=\"async\" src=\"\/wp-content\/themes\/lucasoiluk\/images\/drivers\/Team-Geriatric.jpg\" alt=\"Team Geriatric\" class=\"profile-pic\" border=\"0\"\/>\n<h3>Team Geriatric<\/h3>\n<h4>Wy\u015bcigi drogowe<\/h4>\n<a href=\"https:\/\/www.facebook.com\/TeamGeriatric\" target=\"_blank\" rel=\"noopener\" class=\"facebook-btn\"><\/a> <a href=\"https:\/\/teamgeriatric.co.uk\/\" target=\"_blank\" rel=\"noopener\" class=\"website-btn\"><\/a>\n<\/div>\n\n\n<div class=\"ambassador-container\" data-category=\"dragracing\">\n\t<img decoding=\"async\" src=\"\/wp-content\/themes\/lucasoiluk\/images\/drivers\/Kuno-Racing.jpg\" alt=\"Kuno Racing\" class=\"profile-pic\" border=\"0\"\/>\n\t<h3>Kuno Racing<\/h3>\n\t<h4>Drag Racing<\/h4>\n\t<a href=\"https:\/\/www.facebook.com\/norbert.kuno\" target=\"_blank\" rel=\"noopener\" class=\"facebook-btn\"><\/a>\n\t<a href=\"https:\/\/twitter.com\/kunonorbert\" target=\"_blank\" rel=\"noopener\" class=\"twitter-btn\"><\/a>\n\t<a href=\"https:\/\/www.kuno-racing.de\/content\/de\/startseite.htm\" target=\"_blank\" rel=\"noopener\" class=\"website-btn\"><\/a>\n<\/div>\n\n\n<div class=\"ambassador-container\" data-category=\"dragracing\">\n\t<img decoding=\"async\" src=\"\/wp-content\/themes\/lucasoiluk\/images\/drivers\/Lucky-Devil-Racing.jpg\" alt=\"Lucky Devil Racing\" class=\"profile-pic\" border=\"0\"\/>\n\t<h3>Lucky Devil Racing<\/h3>\n\t<h4>Drag Racing<\/h4>\n\t<a href=\"https:\/\/www.facebook.com\/luckydevildragracing\" target=\"_blank\" rel=\"noopener\" class=\"facebook-btn\"><\/a>\n\t<a href=\"https:\/\/www.instagram.com\/waynenicholson777\/\" target=\"_blank\" rel=\"noopener\" class=\"instagram-btn\"><\/a>\n<\/div>\n\n\n<div class=\"ambassador-container\" data-category=\"roadracing\">\n\t<img decoding=\"async\" src=\"\/wp-content\/themes\/lucasoiluk\/images\/drivers\/Mickel-Motorsport.jpg\" alt=\"Mickel Motorsport\" class=\"profile-pic\" border=\"0\"\/>\n\t<h3>Mickel Motorsport<\/h3>\n\t<h4>Road Racing<\/h4>\n\t<a href=\"https:\/\/www.facebook.com\/mickelmotorsport\" target=\"_blank\" rel=\"noopener\" class=\"facebook-btn\"><\/a>\n\t<a href=\"https:\/\/twitter.com\/mickelmtrsprt\" target=\"_blank\" rel=\"noopener\" class=\"twitter-btn\"><\/a>\n\t<a href=\"https:\/\/www.instagram.com\/mickelmotorsport\/\" target=\"_blank\" rel=\"noopener\" class=\"instagram-btn\"><\/a>\n\t<a href=\"https:\/\/www.youtube.com\/channel\/UCYDUmRKbFKkxgUUG_KSSAmw\" target=\"_blank\" rel=\"noopener\" class=\"video-btn\"><\/a>\n\t<a href=\"https:\/\/www.mickelmotorsport.com\/\" target=\"_blank\" rel=\"noopener\" class=\"website-btn\"><\/a>\n<\/div>\n\n\n<div class=\"ambassador-container\" data-category=\"dragracing\">\n\t<img decoding=\"async\" src=\"\/wp-content\/themes\/lucasoiluk\/images\/drivers\/NG-Motorsport.jpg\" alt=\"NGMotorsport\" class=\"profile-pic\" border=\"0\"\/>\n\t<h3>NGMotorsport<\/h3>\n\t<h4>Drag Racing<\/h4>\n\t<a href=\"https:\/\/www.facebook.com\/profile.php?id=100057264077909\" target=\"_blank\" rel=\"noopener\" class=\"facebook-btn\"><\/a>\n<\/div>\n\n\n<div class=\"ambassador-container\" data-category=\"openwheel\">\n\t<img decoding=\"async\" src=\"\/wp-content\/themes\/lucasoiluk\/images\/drivers\/Billy-Webster.jpg\" alt=\"Webster Racing\" class=\"profile-pic\" border=\"0\"\/>\n\t<h3>Webster Racing<\/h3>\n\t<h4>Open Wheel<\/h4>\n\t<a href=\"https:\/\/www.facebook.com\/billy.webster.12\" target=\"_blank\" rel=\"noopener\" class=\"facebook-btn\"><\/a>\n\t<a href=\"https:\/\/twitter.com\/billyw226\" target=\"_blank\" rel=\"noopener\" class=\"twitter-btn\"><\/a>\n\t<a href=\"https:\/\/www.instagram.com\/b.webster226\/\" target=\"_blank\" rel=\"noopener\" class=\"instagram-btn\"><\/a>\n<\/div>\n\n\n<div class=\"ambassador-container\" data-category=\"drifting\">\n\t<img decoding=\"async\" src=\"\/wp-content\/themes\/lucasoiluk\/images\/drivers\/Ollie-Evans.jpg\" alt=\"Ollie Evans\" class=\"profile-pic\" border=\"0\"\/>\n\t<h3>Ollie Evans<\/h3>\n\t<h4>Drifting<\/h4>\n\t<a href=\"https:\/\/www.facebook.com\/OllieEvansDrift\" target=\"_blank\" rel=\"noopener\" class=\"facebook-btn\"><\/a>\n\t<a href=\"https:\/\/twitter.com\/ollieevansdrift\" target=\"_blank\" rel=\"noopener\" class=\"twitter-btn\"><\/a>\n\t<a href=\"https:\/\/www.instagram.com\/ollieevans_drift\/\" target=\"_blank\" rel=\"noopener\" class=\"instagram-btn\"><\/a>\n\t<a href=\"https:\/\/www.youtube.com\/channel\/UCwz8GHQ7Sbne2O1AiKK6PZw\" target=\"_blank\" rel=\"noopener\" class=\"video-btn\"><\/a>\n<\/div>\n\n\n<div class=\"ambassador-container\" data-category=\"motorcycle\">\n\t<img decoding=\"async\" src=\"\/wp-content\/themes\/lucasoiluk\/images\/drivers\/Rohan-Tungate-Racing.jpg\" alt=\"Rohan Tungate Racing\" class=\"profile-pic\" border=\"0\"\/>\n\t<h3>Rohan Tungate Racing<\/h3>\n\t<h4>Motorcycle<\/h4>\n\t<a href=\"https:\/\/www.facebook.com\/rohan.tungate\" target=\"_blank\" rel=\"noopener\" class=\"facebook-btn\"><\/a>\n\t<a href=\"https:\/\/twitter.com\/rohantungate\" target=\"_blank\" rel=\"noopener\" class=\"twitter-btn\"><\/a>\n\t<a href=\"https:\/\/www.instagram.com\/rohantungate\/\" target=\"_blank\" rel=\"noopener\" class=\"instagram-btn\"><\/a>\n<\/div>\n\n\n<div class=\"ambassador-container\" data-category=\"dragracing\">\n\t<img decoding=\"async\" src=\"\/wp-content\/themes\/lucasoiluk\/images\/drivers\/Tim-Stanbury.jpg\" alt=\"Tim Stanbury\" class=\"profile-pic\" border=\"0\"\/>\n\t<h3>Tim Stanbury<\/h3>\n\t<h4>Drag Racing<\/h4>\n\t<a href=\"https:\/\/www.facebook.com\/tim.stanbury\" target=\"_blank\" rel=\"noopener\" class=\"facebook-btn\"><\/a>\n<\/div>\n\n\n<div class=\"ambassador-container\" data-category=\"all\">\n\t<img decoding=\"async\" src=\"\/wp-content\/themes\/lucasoiluk\/images\/drivers\/National-Motor-Museum.jpg\" alt=\"The National Motor Museum\" class=\"profile-pic\" border=\"0\"\/>\n\t<h3>The National Motor Museum<\/h3>\n\t<h4> <\/h4>\n\t<a href=\"https:\/\/www.facebook.com\/nationalmotormuseum\" target=\"_blank\" rel=\"noopener\" class=\"facebook-btn\"><\/a>\n\t<a href=\"https:\/\/www.instagram.com\/national_motor_museum\/\" target=\"_blank\" rel=\"noopener\" class=\"instagram-btn\"><\/a>\n\t<a href=\"https:\/\/www.beaulieu.co.uk\/\" target=\"_blank\" rel=\"noopener\" class=\"website-btn\"><\/a>\n<\/div>\n\n\n<div class=\"ambassador-container\" data-category=\"dragracing\">\n\t<img decoding=\"async\" src=\"\/wp-content\/themes\/lucasoiluk\/images\/drivers\/Colin-Theobald.jpg\" alt=\"Colin Theobald\" class=\"profile-pic\" border=\"0\"\/>\n\t<h3>Colin Theobald<\/h3>\n\t<h4>Drag Racing<\/h4>\n\t<a href=\"https:\/\/www.facebook.com\/colin.theobald.3\" target=\"_blank\" rel=\"noopener\" class=\"facebook-btn\"><\/a>\n\t<a href=\"https:\/\/www.instagram.com\/colinpodtheo\/\" target=\"_blank\" rel=\"noopener\" class=\"instagram-btn\"><\/a>\n<\/div>\n\n\n<div class=\"ambassador-container\" data-category=\"dragracing\">\n\t<img decoding=\"async\" src=\"\/wp-content\/themes\/lucasoiluk\/images\/drivers\/Bubblegum-Racing.jpg\" alt=\"Bubblegum Racing\" class=\"profile-pic\" border=\"0\"\/>\n\t<h3>Bubblegum Racing<\/h3>\n\t<h4>Drag Racing<\/h4>\n\t<a href=\"https:\/\/www.facebook.com\/XtremeWheelsRacing\" target=\"_blank\" rel=\"noopener\" class=\"facebook-btn\"><\/a>\n\t<a href=\"https:\/\/www.instagram.com\/mglassup\/\" target=\"_blank\" rel=\"noopener\" class=\"instagram-btn\"><\/a>\n\t<a href=\"https:\/\/www.bubblegumracing.com\/\" target=\"_blank\" rel=\"noopener\" class=\"website-btn\"><\/a>\n<\/div>\n\n\n<div class=\"ambassador-container\" data-category=\"dragracing\">\n\t<img decoding=\"async\" src=\"\/wp-content\/themes\/lucasoiluk\/images\/drivers\/MGMS.jpg\" alt=\"Michael Gullqvist\" class=\"profile-pic\" border=\"0\"\/>\n\t<h3>Michael Gullqvist<\/h3>\n\t<h4>Drag Racing<\/h4>\n\t<a href=\"https:\/\/www.facebook.com\/Micke.Gullqvist.Motorsports\" target=\"_blank\" rel=\"noopener\" class=\"facebook-btn\"><\/a>\n\t<a href=\"https:\/\/www.mickegullqvist.com\/\" target=\"_blank\" rel=\"noopener\" class=\"website-btn\"><\/a>\n<\/div>\n\n\n<div class=\"ambassador-container\" data-category=\"dragracing\">\n\t<img decoding=\"async\" src=\"\/wp-content\/themes\/lucasoiluk\/images\/drivers\/MB-Motorsport.jpg\" alt=\"MB Motorsport\" class=\"profile-pic\" border=\"0\"\/>\n\t<h3>MB Motorsport<\/h3>\n\t<h4>Drag Racing<\/h4>\n\t<a href=\"https:\/\/www.facebook.com\/groups\/116499528423563\" target=\"_blank\" rel=\"noopener\" class=\"facebook-btn\"><\/a>\n\t<a href=\"http:\/\/www.mbmotorsport.co.uk\/\" target=\"_blank\" rel=\"noopener\" class=\"website-btn\"><\/a>\n<\/div>\n\n\n<div class=\"ambassador-container\" data-category=\"openwheel\">\n\t<img decoding=\"async\" src=\"\/wp-content\/themes\/lucasoiluk\/images\/drivers\/DAMS.jpg\" alt=\"DAMS Racing\" class=\"profile-pic\" border=\"0\"\/>\n\t<h3>DAMS Racing<\/h3>\n\t<h4>Open Wheel<\/h4>\n\t<a href=\"https:\/\/www.facebook.com\/damsracing\" target=\"_blank\" rel=\"noopener\" class=\"facebook-btn\"><\/a>\n\t<a href=\"https:\/\/twitter.com\/damsracing\" target=\"_blank\" rel=\"noopener\" class=\"twitter-btn\"><\/a>\n\t<a href=\"https:\/\/www.instagram.com\/damsracing\/\" target=\"_blank\" rel=\"noopener\" class=\"instagram-btn\"><\/a>\n\t<a href=\"http:\/\/dams.fr\/en\/\" target=\"_blank\" rel=\"noopener\" class=\"website-btn\"><\/a>\n<\/div>\n\n\n<div class=\"ambassador-container\" data-category=\"dragracing\">\n\t<img decoding=\"async\" src=\"\/wp-content\/themes\/lucasoiluk\/images\/drivers\/Team-Hawk-Racing.jpg\" alt=\"Team Hawk Racing\" class=\"profile-pic\" border=\"0\"\/>\n\t<h3>Team Hawk Racing<\/h3>\n\t<h4>Drag Racing<\/h4>\n\t<a href=\"https:\/\/www.facebook.com\/HawkRacingFFC\" target=\"_blank\" rel=\"noopener\" class=\"facebook-btn\"><\/a>\n<\/div>\n\n\n<div class=\"ambassador-container\" data-category=\"monstertrucks\">\n\t<img decoding=\"async\" src=\"\/wp-content\/themes\/lucasoiluk\/images\/drivers\/Swamp-Thing.jpg\" alt=\"Swamp Thing 4x4\" class=\"profile-pic\" border=\"0\"\/>\n\t<h3>Swamp Thing 4&#215;4<\/h3>\n\t<h4>Monster Trucks<\/h4>\n\t<a href=\"https:\/\/www.facebook.com\/SwampThing4x4MonsterTruck\" target=\"_blank\" rel=\"noopener\" class=\"facebook-btn\"><\/a>\n\t<a href=\"https:\/\/twitter.com\/swampthing4x4\" target=\"_blank\" rel=\"noopener\" class=\"twitter-btn\"><\/a>\n\t<a href=\"https:\/\/www.instagram.com\/swampthing4x4_official\/\" target=\"_blank\" rel=\"noopener\" class=\"instagram-btn\"><\/a>\n\t<a href=\"https:\/\/www.youtube.com\/user\/swampthing4x4\" target=\"_blank\" rel=\"noopener\" class=\"video-btn\"><\/a>\n\t<a href=\"https:\/\/www.swampthing4x4.co.uk\/\" target=\"_blank\" rel=\"noopener\" class=\"website-btn\"><\/a>\n<\/div>\n\n\n<div class=\"ambassador-container\" data-category=\"jetski\">\n\t<img decoding=\"async\" src=\"\/wp-content\/themes\/lucasoiluk\/images\/drivers\/158-Racing.jpg\" alt=\"158 Racing\" class=\"profile-pic\" border=\"0\"\/>\n\t<h3>158 Racing<\/h3>\n\t<h4>Jet Ski<\/h4>\n\t<a href=\"https:\/\/www.facebook.com\/jamesbushell158\" target=\"_blank\" rel=\"noopener\" class=\"facebook-btn\"><\/a>\n\t<a href=\"https:\/\/www.instagram.com\/jamesbushell158\/\" target=\"_blank\" rel=\"noopener\" class=\"instagram-btn\"><\/a>\n\t<a href=\"https:\/\/www.158performance.co.uk\/\" target=\"_blank\" rel=\"noopener\" class=\"website-btn\"><\/a>\n<\/div>\n\n\n<div class=\"ambassador-container\" data-category=\"monstertrucks\">\n\t<img decoding=\"async\" src=\"\/wp-content\/themes\/lucasoiluk\/images\/drivers\/Podzilla.jpg\" alt=\"PODZILLA\" class=\"profile-pic\" border=\"0\"\/>\n\t<h3>PODZILLA<\/h3>\n\t<h4>Monster Trucks<\/h4>\n\t<a href=\"https:\/\/www.facebook.com\/santapodraceway\" target=\"_blank\" rel=\"noopener\" class=\"facebook-btn\"><\/a>\n\t<a href=\"https:\/\/twitter.com\/santapodraceway\" target=\"_blank\" rel=\"noopener\" class=\"twitter-btn\"><\/a> \n\t<a href=\"https:\/\/www.instagram.com\/santapodraceway\/\" target=\"_blank\" rel=\"noopener\" class=\"instagram-btn\"><\/a> \n\t<a href=\"https:\/\/www.youtube.com\/channel\/UCg3t2YXsxZqXJmLTeJyZjbg\" target=\"_blank\" rel=\"noopener\" class=\"video-btn\"><\/a>\n\t<a href=\"https:\/\/santapod.co.uk\/\" target=\"_blank\" rel=\"noopener\" class=\"website-btn\"><\/a><\/div>\n\t\n\t\n<div class=\"ambassador-container\" data-category=\"dragracing\">\n\t<img decoding=\"async\" src=\"\/wp-content\/themes\/lucasoiluk\/images\/drivers\/Fenny-Racing.jpg\" alt=\"Fenny Racing\" class=\"profile-pic\" border=\"0\"\/>\n\t<h3>Fenny Racing<\/h3>\n\t<h4>Drag Racing<\/h4>\n\t<a href=\"https:\/\/www.facebook.com\/Fenny-Racing-171531596262407\" target=\"_blank\" rel=\"noopener\" class=\"facebook-btn\"><\/a>\n<\/div>\n\n\n<\/div>\n","protected":false},"excerpt":{"rendered":"<p>Poka\u017c wszystko Wy\u015bcigi drag racing Drifting Skutery wodne Monster Trucks Motocykle Wy\u015bcigi samochod\u00f3w samochod\u00f3w Team Geriatric Wy\u015bcigi drogowe Kuno Racing Drag Racing Lucky Devil Racing Drag Racing Mickel Motorsport Road Racing NGMotorsport Drag Racing Webster Racing Open Wheel Ollie Evans Drifting Rohan Tungate Racing Motorcycle Tim Stanbury Drag Racing The National Motor Museum Colin Theobald [&hellip;]<\/p>\n","protected":false},"author":1,"featured_media":0,"parent":0,"menu_order":0,"comment_status":"closed","ping_status":"closed","template":"page-nonblock.php","meta":{"_acf_changed":false,"footnotes":""},"class_list":["post-31609","page","type-page","status-publish","hentry"],"acf":[],"_links":{"self":[{"href":"https:\/\/lucasoil.co.uk\/pl\/wp-json\/wp\/v2\/pages\/31609","targetHints":{"allow":["GET"]}}],"collection":[{"href":"https:\/\/lucasoil.co.uk\/pl\/wp-json\/wp\/v2\/pages"}],"about":[{"href":"https:\/\/lucasoil.co.uk\/pl\/wp-json\/wp\/v2\/types\/page"}],"author":[{"embeddable":true,"href":"https:\/\/lucasoil.co.uk\/pl\/wp-json\/wp\/v2\/users\/1"}],"replies":[{"embeddable":true,"href":"https:\/\/lucasoil.co.uk\/pl\/wp-json\/wp\/v2\/comments?post=31609"}],"version-history":[{"count":1,"href":"https:\/\/lucasoil.co.uk\/pl\/wp-json\/wp\/v2\/pages\/31609\/revisions"}],"predecessor-version":[{"id":31612,"href":"https:\/\/lucasoil.co.uk\/pl\/wp-json\/wp\/v2\/pages\/31609\/revisions\/31612"}],"wp:attachment":[{"href":"https:\/\/lucasoil.co.uk\/pl\/wp-json\/wp\/v2\/media?parent=31609"}],"curies":[{"name":"wp","href":"https:\/\/api.w.org\/{rel}","templated":true}]}}