{"id":31741,"date":"2024-04-18T12:17:03","date_gmt":"2024-04-18T16:17:03","guid":{"rendered":"https:\/\/lucasoil.co.uk\/kategoria-wszystkie-produkty\/"},"modified":"2025-12-08T16:38:11","modified_gmt":"2025-12-08T21:38:11","slug":"kategoria-wszystkie-produkty","status":"publish","type":"page","link":"https:\/\/lucasoil.co.uk\/pl\/kategoria-wszystkie-produkty\/","title":{"rendered":"Kategoria: Wszystkie Produkty"},"content":{"rendered":"\n<h2 class=\"gb-headline gb-headline-e0b25bca gb-headline-text\">WSZYSTKIE PRODUKTY<\/h2>\n\n<p>Odkryj moc, wydajno\u015b\u0107 i niezawodno\u015b\u0107 produkt\u00f3w Lucas Oil. Zaufa\u0142y nam zespo\u0142y wy\u015bcigowe, mechanicy, kierowcy ci\u0119\u017car\u00f3wek, w\u0142a\u015bciciele klasycznych samochod\u00f3w, rolnicy, operatorzy maszyn przemys\u0142owych i rodziny, poniewa\u017c dostarczamy najwy\u017cszej jako\u015bci dodatki do paliw, dodatki do olej\u00f3w i inne produkty, kt\u00f3re chroni\u0105 silniki, zwi\u0119kszaj\u0105 wydajno\u015b\u0107, poprawiaj\u0105 efektywno\u015b\u0107 i zapewniaj\u0105 pewno\u015b\u0107 podczas jazdy. <\/p>\n","protected":false},"excerpt":{"rendered":"<p>WSZYSTKIE PRODUKTY Odkryj moc, wydajno\u015b\u0107 i niezawodno\u015b\u0107 produkt\u00f3w Lucas Oil. Zaufa\u0142y nam zespo\u0142y wy\u015bcigowe, mechanicy, kierowcy ci\u0119\u017car\u00f3wek, w\u0142a\u015bciciele klasycznych samochod\u00f3w, rolnicy, operatorzy maszyn przemys\u0142owych i rodziny, poniewa\u017c dostarczamy najwy\u017cszej jako\u015bci dodatki do paliw, dodatki do olej\u00f3w i inne produkty, kt\u00f3re chroni\u0105 silniki, zwi\u0119kszaj\u0105 wydajno\u015b\u0107, poprawiaj\u0105 efektywno\u015b\u0107 i zapewniaj\u0105 pewno\u015b\u0107 podczas jazdy.<\/p>\n","protected":false},"author":1,"featured_media":0,"parent":0,"menu_order":0,"comment_status":"closed","ping_status":"closed","template":"category-all.php","meta":{"_acf_changed":false,"footnotes":""},"class_list":["post-31741","page","type-page","status-publish","hentry"],"acf":[],"_links":{"self":[{"href":"https:\/\/lucasoil.co.uk\/pl\/wp-json\/wp\/v2\/pages\/31741","targetHints":{"allow":["GET"]}}],"collection":[{"href":"https:\/\/lucasoil.co.uk\/pl\/wp-json\/wp\/v2\/pages"}],"about":[{"href":"https:\/\/lucasoil.co.uk\/pl\/wp-json\/wp\/v2\/types\/page"}],"author":[{"embeddable":true,"href":"https:\/\/lucasoil.co.uk\/pl\/wp-json\/wp\/v2\/users\/1"}],"replies":[{"embeddable":true,"href":"https:\/\/lucasoil.co.uk\/pl\/wp-json\/wp\/v2\/comments?post=31741"}],"version-history":[{"count":1,"href":"https:\/\/lucasoil.co.uk\/pl\/wp-json\/wp\/v2\/pages\/31741\/revisions"}],"predecessor-version":[{"id":31742,"href":"https:\/\/lucasoil.co.uk\/pl\/wp-json\/wp\/v2\/pages\/31741\/revisions\/31742"}],"wp:attachment":[{"href":"https:\/\/lucasoil.co.uk\/pl\/wp-json\/wp\/v2\/media?parent=31741"}],"curies":[{"name":"wp","href":"https:\/\/api.w.org\/{rel}","templated":true}]}}