{"id":31743,"date":"2024-04-18T12:32:49","date_gmt":"2024-04-18T16:32:49","guid":{"rendered":"https:\/\/lucasoil.co.uk\/kategoria-wyglad\/"},"modified":"2025-12-08T16:38:33","modified_gmt":"2025-12-08T21:38:33","slug":"kategoria-wyglad","status":"publish","type":"page","link":"https:\/\/lucasoil.co.uk\/pl\/kategoria-wyglad\/","title":{"rendered":"Kategoria: Wygl\u0105d"},"content":{"rendered":"\n<h2 class=\"gb-headline gb-headline-d4641e6d gb-headline-text\">WYGL\u0104D<\/h2>\n\n<p>Popraw wygl\u0105d swojego pojazdu dzi\u0119ki produktom do piel\u0119gnacji wygl\u0105du marki Lucas. Od \u015brodk\u00f3w do nab\u0142yszczania opon o wysokim po\u0142ysku po ceramiczne woski szybkiego dzia\u0142ania \u2014 nasze produkty zapewniaj\u0105 profesjonalne rezultaty, kt\u00f3re s\u0105 \u0142atwe do osi\u0105gni\u0119cia. Przywr\u00f3\u0107 po\u0142ysk, wyczy\u015b\u0107 i zabezpiecz przed promieniowaniem UV dzi\u0119ki \u015brodkom do piel\u0119gnacji, kt\u00f3re zapewniaj\u0105 d\u0142ugotrwa\u0142e wyko\u0144czenie i doskonale sprawdzaj\u0105 si\u0119 w przypadku samochod\u00f3w, ci\u0119\u017car\u00f3wek i \u0142odzi, a tak\u017ce s\u0105 bezpieczne w u\u017cyciu na ok\u0142adzinach winylowych, naklejkach, sk\u00f3rze, plastikowych lub aluminiowych powierzchniach.  <\/p>\n","protected":false},"excerpt":{"rendered":"<p>WYGL\u0104D Popraw wygl\u0105d swojego pojazdu dzi\u0119ki produktom do piel\u0119gnacji wygl\u0105du marki Lucas. Od \u015brodk\u00f3w do nab\u0142yszczania opon o wysokim po\u0142ysku po ceramiczne woski szybkiego dzia\u0142ania \u2014 nasze produkty zapewniaj\u0105 profesjonalne rezultaty, kt\u00f3re s\u0105 \u0142atwe do osi\u0105gni\u0119cia. Przywr\u00f3\u0107 po\u0142ysk, wyczy\u015b\u0107 i zabezpiecz przed promieniowaniem UV dzi\u0119ki \u015brodkom do piel\u0119gnacji, kt\u00f3re zapewniaj\u0105 d\u0142ugotrwa\u0142e wyko\u0144czenie i doskonale sprawdzaj\u0105 [&hellip;]<\/p>\n","protected":false},"author":1,"featured_media":0,"parent":0,"menu_order":0,"comment_status":"closed","ping_status":"closed","template":"category-appearance.php","meta":{"_acf_changed":false,"footnotes":""},"class_list":["post-31743","page","type-page","status-publish","hentry"],"acf":[],"_links":{"self":[{"href":"https:\/\/lucasoil.co.uk\/pl\/wp-json\/wp\/v2\/pages\/31743","targetHints":{"allow":["GET"]}}],"collection":[{"href":"https:\/\/lucasoil.co.uk\/pl\/wp-json\/wp\/v2\/pages"}],"about":[{"href":"https:\/\/lucasoil.co.uk\/pl\/wp-json\/wp\/v2\/types\/page"}],"author":[{"embeddable":true,"href":"https:\/\/lucasoil.co.uk\/pl\/wp-json\/wp\/v2\/users\/1"}],"replies":[{"embeddable":true,"href":"https:\/\/lucasoil.co.uk\/pl\/wp-json\/wp\/v2\/comments?post=31743"}],"version-history":[{"count":1,"href":"https:\/\/lucasoil.co.uk\/pl\/wp-json\/wp\/v2\/pages\/31743\/revisions"}],"predecessor-version":[{"id":31744,"href":"https:\/\/lucasoil.co.uk\/pl\/wp-json\/wp\/v2\/pages\/31743\/revisions\/31744"}],"wp:attachment":[{"href":"https:\/\/lucasoil.co.uk\/pl\/wp-json\/wp\/v2\/media?parent=31743"}],"curies":[{"name":"wp","href":"https:\/\/api.w.org\/{rel}","templated":true}]}}