{"id":31745,"date":"2024-04-18T12:36:52","date_gmt":"2024-04-18T16:36:52","guid":{"rendered":"https:\/\/lucasoil.co.uk\/kategoria-silnik-producent-smary\/"},"modified":"2025-12-08T16:38:53","modified_gmt":"2025-12-08T21:38:53","slug":"kategoria-silnik-producent-smary","status":"publish","type":"page","link":"https:\/\/lucasoil.co.uk\/pl\/kategoria-silnik-producent-smary\/","title":{"rendered":"Kategoria: Silnik Producent Smary"},"content":{"rendered":"\n<h2 class=\"gb-headline gb-headline-f95c103c gb-headline-text\">SILNIK KONSTRUKTOR SMARY<\/h2>\n\n<p>Szczeg\u00f3lnie zaprojektowane w celu zmniejszenia tarcia, zu\u017cycia i nagrzewania, smary te zapewniaj\u0105 wyj\u0105tkow\u0105 ochron\u0119 kluczowych element\u00f3w silnika. Idealne produkty dla mechanik\u00f3w zajmuj\u0105cych si\u0119 docieraniem nowych silnik\u00f3w, smarowaniem \u0142o\u017cysk, popychaczy i zawor\u00f3w, z naciskiem na ochron\u0119 podczas rozruchu cz\u0119\u015bci silnika o w\u0105skiej tolerancji. <\/p>\n","protected":false},"excerpt":{"rendered":"<p>SILNIK KONSTRUKTOR SMARY Szczeg\u00f3lnie zaprojektowane w celu zmniejszenia tarcia, zu\u017cycia i nagrzewania, smary te zapewniaj\u0105 wyj\u0105tkow\u0105 ochron\u0119 kluczowych element\u00f3w silnika. Idealne produkty dla mechanik\u00f3w zajmuj\u0105cych si\u0119 docieraniem nowych silnik\u00f3w, smarowaniem \u0142o\u017cysk, popychaczy i zawor\u00f3w, z naciskiem na ochron\u0119 podczas rozruchu cz\u0119\u015bci silnika o w\u0105skiej tolerancji.<\/p>\n","protected":false},"author":1,"featured_media":0,"parent":0,"menu_order":0,"comment_status":"closed","ping_status":"closed","template":"category-engine-builder-lubricants.php","meta":{"_acf_changed":false,"footnotes":""},"class_list":["post-31745","page","type-page","status-publish","hentry"],"acf":[],"_links":{"self":[{"href":"https:\/\/lucasoil.co.uk\/pl\/wp-json\/wp\/v2\/pages\/31745","targetHints":{"allow":["GET"]}}],"collection":[{"href":"https:\/\/lucasoil.co.uk\/pl\/wp-json\/wp\/v2\/pages"}],"about":[{"href":"https:\/\/lucasoil.co.uk\/pl\/wp-json\/wp\/v2\/types\/page"}],"author":[{"embeddable":true,"href":"https:\/\/lucasoil.co.uk\/pl\/wp-json\/wp\/v2\/users\/1"}],"replies":[{"embeddable":true,"href":"https:\/\/lucasoil.co.uk\/pl\/wp-json\/wp\/v2\/comments?post=31745"}],"version-history":[{"count":1,"href":"https:\/\/lucasoil.co.uk\/pl\/wp-json\/wp\/v2\/pages\/31745\/revisions"}],"predecessor-version":[{"id":31746,"href":"https:\/\/lucasoil.co.uk\/pl\/wp-json\/wp\/v2\/pages\/31745\/revisions\/31746"}],"wp:attachment":[{"href":"https:\/\/lucasoil.co.uk\/pl\/wp-json\/wp\/v2\/media?parent=31745"}],"curies":[{"name":"wp","href":"https:\/\/api.w.org\/{rel}","templated":true}]}}