{"id":31747,"date":"2024-04-18T16:02:22","date_gmt":"2024-04-18T20:02:22","guid":{"rendered":"https:\/\/lucasoil.co.uk\/kategoria-olej-silnikowy-dodatki\/"},"modified":"2025-12-08T16:39:12","modified_gmt":"2025-12-08T21:39:12","slug":"kategoria-olej-silnikowy-dodatki","status":"publish","type":"page","link":"https:\/\/lucasoil.co.uk\/pl\/kategoria-olej-silnikowy-dodatki\/","title":{"rendered":"Kategoria: Olej silnikowy Dodatki"},"content":{"rendered":"\n<h2 class=\"gb-headline gb-headline-83e05498 gb-headline-text\">OLEJ SILNIKOWY DODATKI<\/h2>\n\n<p>Dodatki do oleju pomagaj\u0105 zmniejszy\u0107 tarcie i zu\u017cycie, przed\u0142u\u017caj\u0105c \u017cywotno\u015b\u0107 element\u00f3w silnika i zapewniaj\u0105c p\u0142ynniejsz\u0105 prac\u0119. Dodatki Lucas mog\u0105 poprawi\u0107 oszcz\u0119dno\u015b\u0107 paliwa, zwi\u0119kszy\u0107 czysto\u015b\u0107 silnika poprzez zapobieganie osadzaniu si\u0119 osad\u00f3w oraz zapewni\u0107 lepsz\u0105 ochron\u0119 przed utlenianiem i korozj\u0105, poprawiaj\u0105c og\u00f3ln\u0105 wydajno\u015b\u0107 i sprawno\u015b\u0107 pojazdu. Dzi\u0119ki specjalistycznym mieszankom do zastosowa\u0144 takich jak docieranie silnika, du\u017ce przebiegi, ci\u0119\u017ckie warunki eksploatacji lub pojazdy importowane, znajdziesz najlepszy dodatek dostosowany do swoich potrzeb.  <\/p>\n","protected":false},"excerpt":{"rendered":"<p>OLEJ SILNIKOWY DODATKI Dodatki do oleju pomagaj\u0105 zmniejszy\u0107 tarcie i zu\u017cycie, przed\u0142u\u017caj\u0105c \u017cywotno\u015b\u0107 element\u00f3w silnika i zapewniaj\u0105c p\u0142ynniejsz\u0105 prac\u0119. Dodatki Lucas mog\u0105 poprawi\u0107 oszcz\u0119dno\u015b\u0107 paliwa, zwi\u0119kszy\u0107 czysto\u015b\u0107 silnika poprzez zapobieganie osadzaniu si\u0119 osad\u00f3w oraz zapewni\u0107 lepsz\u0105 ochron\u0119 przed utlenianiem i korozj\u0105, poprawiaj\u0105c og\u00f3ln\u0105 wydajno\u015b\u0107 i sprawno\u015b\u0107 pojazdu. Dzi\u0119ki specjalistycznym mieszankom do zastosowa\u0144 takich jak docieranie [&hellip;]<\/p>\n","protected":false},"author":1,"featured_media":0,"parent":0,"menu_order":0,"comment_status":"closed","ping_status":"closed","template":"category-engine-oil-additives.php","meta":{"_acf_changed":false,"footnotes":""},"class_list":["post-31747","page","type-page","status-publish","hentry"],"acf":[],"_links":{"self":[{"href":"https:\/\/lucasoil.co.uk\/pl\/wp-json\/wp\/v2\/pages\/31747","targetHints":{"allow":["GET"]}}],"collection":[{"href":"https:\/\/lucasoil.co.uk\/pl\/wp-json\/wp\/v2\/pages"}],"about":[{"href":"https:\/\/lucasoil.co.uk\/pl\/wp-json\/wp\/v2\/types\/page"}],"author":[{"embeddable":true,"href":"https:\/\/lucasoil.co.uk\/pl\/wp-json\/wp\/v2\/users\/1"}],"replies":[{"embeddable":true,"href":"https:\/\/lucasoil.co.uk\/pl\/wp-json\/wp\/v2\/comments?post=31747"}],"version-history":[{"count":1,"href":"https:\/\/lucasoil.co.uk\/pl\/wp-json\/wp\/v2\/pages\/31747\/revisions"}],"predecessor-version":[{"id":31748,"href":"https:\/\/lucasoil.co.uk\/pl\/wp-json\/wp\/v2\/pages\/31747\/revisions\/31748"}],"wp:attachment":[{"href":"https:\/\/lucasoil.co.uk\/pl\/wp-json\/wp\/v2\/media?parent=31747"}],"curies":[{"name":"wp","href":"https:\/\/api.w.org\/{rel}","templated":true}]}}