{"id":31749,"date":"2024-04-18T16:09:54","date_gmt":"2024-04-18T20:09:54","guid":{"rendered":"https:\/\/lucasoil.co.uk\/kategoria-paliwo-zabiegi\/"},"modified":"2025-12-08T16:39:36","modified_gmt":"2025-12-08T21:39:36","slug":"kategoria-paliwo-zabiegi","status":"publish","type":"page","link":"https:\/\/lucasoil.co.uk\/pl\/kategoria-paliwo-zabiegi\/","title":{"rendered":"Kategoria: Paliwo Zabiegi"},"content":{"rendered":"\n<h2 class=\"gb-headline gb-headline-d139d384 gb-headline-text\">PALIWO ZABIEGI<\/h2>\n\n<p>Nasze \u0142atwe w u\u017cyciu rozwi\u0105zania do wlewania optymalizuj\u0105 osi\u0105gi pojazdu i spalanie paliwa efektywno\u015b\u0107. Dzi\u0119ki silnej mieszance dodatk\u00f3w, paliwowe \u015brodki firmy Lucas czyszcz\u0105 i smaruj\u0105 uk\u0142ad paliwowy, poprawiaj\u0105c oszcz\u0119dno\u015b\u0107 paliwa i zmniejszaj\u0105c emisj\u0119 spalin. <\/p>\n","protected":false},"excerpt":{"rendered":"<p>PALIWO ZABIEGI Nasze \u0142atwe w u\u017cyciu rozwi\u0105zania do wlewania optymalizuj\u0105 osi\u0105gi pojazdu i spalanie paliwa efektywno\u015b\u0107. Dzi\u0119ki silnej mieszance dodatk\u00f3w, paliwowe \u015brodki firmy Lucas czyszcz\u0105 i smaruj\u0105 uk\u0142ad paliwowy, poprawiaj\u0105c oszcz\u0119dno\u015b\u0107 paliwa i zmniejszaj\u0105c emisj\u0119 spalin.<\/p>\n","protected":false},"author":1,"featured_media":0,"parent":0,"menu_order":0,"comment_status":"closed","ping_status":"closed","template":"category-fuel-treatments.php","meta":{"_acf_changed":false,"footnotes":""},"class_list":["post-31749","page","type-page","status-publish","hentry"],"acf":[],"_links":{"self":[{"href":"https:\/\/lucasoil.co.uk\/pl\/wp-json\/wp\/v2\/pages\/31749","targetHints":{"allow":["GET"]}}],"collection":[{"href":"https:\/\/lucasoil.co.uk\/pl\/wp-json\/wp\/v2\/pages"}],"about":[{"href":"https:\/\/lucasoil.co.uk\/pl\/wp-json\/wp\/v2\/types\/page"}],"author":[{"embeddable":true,"href":"https:\/\/lucasoil.co.uk\/pl\/wp-json\/wp\/v2\/users\/1"}],"replies":[{"embeddable":true,"href":"https:\/\/lucasoil.co.uk\/pl\/wp-json\/wp\/v2\/comments?post=31749"}],"version-history":[{"count":1,"href":"https:\/\/lucasoil.co.uk\/pl\/wp-json\/wp\/v2\/pages\/31749\/revisions"}],"predecessor-version":[{"id":31750,"href":"https:\/\/lucasoil.co.uk\/pl\/wp-json\/wp\/v2\/pages\/31749\/revisions\/31750"}],"wp:attachment":[{"href":"https:\/\/lucasoil.co.uk\/pl\/wp-json\/wp\/v2\/media?parent=31749"}],"curies":[{"name":"wp","href":"https:\/\/api.w.org\/{rel}","templated":true}]}}