{"id":31751,"date":"2024-04-18T16:19:24","date_gmt":"2024-04-18T20:19:24","guid":{"rendered":"https:\/\/lucasoil.co.uk\/kategoria-smar\/"},"modified":"2025-12-08T16:40:03","modified_gmt":"2025-12-08T21:40:03","slug":"kategoria-smar","status":"publish","type":"page","link":"https:\/\/lucasoil.co.uk\/pl\/kategoria-smar\/","title":{"rendered":"Kategoria: Smar"},"content":{"rendered":"\n<h2 class=\"wp-block-heading\">SMAR<\/h2>\n\n<p>Nasze wysokiej jako\u015bci smary zapewniaj\u0105 wyj\u0105tkow\u0105 ochron\u0119 i d\u0142ugotrwa\u0142\u0105 wydajno\u015b\u0107, gwarantuj\u0105c p\u0142ynn\u0105 prac\u0119 i zmniejszone tarcie. Dzi\u0119ki formu\u0142om wzbogaconym o doskona\u0142\u0105 odporno\u015b\u0107 na wod\u0119, \u015brodki przeciwzu\u017cyciowe, inhibitory rdzy i utleniania, smary Lucas Oil zapewniaj\u0105 p\u0142ynn\u0105 prac\u0119 maszyn, zapobiegaj\u0105c zu\u017cyciu i przed\u0142u\u017caj\u0105c \u017cywotno\u015b\u0107 sprz\u0119tu. <\/p>\n","protected":false},"excerpt":{"rendered":"<p>SMAR Nasze wysokiej jako\u015bci smary zapewniaj\u0105 wyj\u0105tkow\u0105 ochron\u0119 i d\u0142ugotrwa\u0142\u0105 wydajno\u015b\u0107, gwarantuj\u0105c p\u0142ynn\u0105 prac\u0119 i zmniejszone tarcie. Dzi\u0119ki formu\u0142om wzbogaconym o doskona\u0142\u0105 odporno\u015b\u0107 na wod\u0119, \u015brodki przeciwzu\u017cyciowe, inhibitory rdzy i utleniania, smary Lucas Oil zapewniaj\u0105 p\u0142ynn\u0105 prac\u0119 maszyn, zapobiegaj\u0105c zu\u017cyciu i przed\u0142u\u017caj\u0105c \u017cywotno\u015b\u0107 sprz\u0119tu.<\/p>\n","protected":false},"author":1,"featured_media":0,"parent":0,"menu_order":0,"comment_status":"closed","ping_status":"closed","template":"category-grease.php","meta":{"_acf_changed":false,"footnotes":""},"class_list":["post-31751","page","type-page","status-publish","hentry"],"acf":[],"_links":{"self":[{"href":"https:\/\/lucasoil.co.uk\/pl\/wp-json\/wp\/v2\/pages\/31751","targetHints":{"allow":["GET"]}}],"collection":[{"href":"https:\/\/lucasoil.co.uk\/pl\/wp-json\/wp\/v2\/pages"}],"about":[{"href":"https:\/\/lucasoil.co.uk\/pl\/wp-json\/wp\/v2\/types\/page"}],"author":[{"embeddable":true,"href":"https:\/\/lucasoil.co.uk\/pl\/wp-json\/wp\/v2\/users\/1"}],"replies":[{"embeddable":true,"href":"https:\/\/lucasoil.co.uk\/pl\/wp-json\/wp\/v2\/comments?post=31751"}],"version-history":[{"count":1,"href":"https:\/\/lucasoil.co.uk\/pl\/wp-json\/wp\/v2\/pages\/31751\/revisions"}],"predecessor-version":[{"id":31752,"href":"https:\/\/lucasoil.co.uk\/pl\/wp-json\/wp\/v2\/pages\/31751\/revisions\/31752"}],"wp:attachment":[{"href":"https:\/\/lucasoil.co.uk\/pl\/wp-json\/wp\/v2\/media?parent=31751"}],"curies":[{"name":"wp","href":"https:\/\/api.w.org\/{rel}","templated":true}]}}