{"id":31753,"date":"2024-04-18T16:30:32","date_gmt":"2024-04-18T20:30:32","guid":{"rendered":"https:\/\/lucasoil.co.uk\/kategoria-rozwiazania-problemow-i-narzedzia\/"},"modified":"2025-12-08T16:40:46","modified_gmt":"2025-12-08T21:40:46","slug":"kategoria-rozwiazania-problemow-i-narzedzia","status":"publish","type":"page","link":"https:\/\/lucasoil.co.uk\/pl\/kategoria-rozwiazania-problemow-i-narzedzia\/","title":{"rendered":"Kategoria: Rozwi\u0105zania problem\u00f3w i narz\u0119dzia"},"content":{"rendered":"\n<h2 class=\"gb-headline gb-headline-fd5929ca gb-headline-text\">PROBLEM ROZWI\u0104ZYWANIE PROBLEM\u00d3W &amp; U\u017bYTECZNO\u015a\u0106<\/h2>\n\n<p>Te produkty s\u0142u\u017c\u0105ce do rozwi\u0105zywania problem\u00f3w zosta\u0142y stworzone, aby sprosta\u0107 najtrudniejszym wyzwaniom zwi\u0105zanym z motoryzacj\u0105 lub sprz\u0119tem. Niezale\u017cnie od tego, czy masz do czynienia z wyciekiem, skrzypi\u0105c\u0105 skrzyni\u0105 bieg\u00f3w, komplikacjami zwi\u0105zanymi z uk\u0142adem paliwowym, problemami z uk\u0142adem wspomagania kierownicy, zacinaniem si\u0119 skrzyni bieg\u00f3w, zmniejszon\u0105 wydajno\u015bci\u0105 paliwow\u0105, przebit\u0105 opon\u0105 lub innymi problemami, produkty Lucas ciesz\u0105 si\u0119 zaufaniem milion\u00f3w kierowc\u00f3w, kt\u00f3rzy dzi\u0119ki nim mog\u0105 bez obaw wr\u00f3ci\u0107 na drog\u0119. Je\u015bli Tw\u00f3j pojazd ma problem, najpierw wypr\u00f3buj produkty Lucas.  <\/p>\n","protected":false},"excerpt":{"rendered":"<p>PROBLEM ROZWI\u0104ZYWANIE PROBLEM\u00d3W &amp; U\u017bYTECZNO\u015a\u0106 Te produkty s\u0142u\u017c\u0105ce do rozwi\u0105zywania problem\u00f3w zosta\u0142y stworzone, aby sprosta\u0107 najtrudniejszym wyzwaniom zwi\u0105zanym z motoryzacj\u0105 lub sprz\u0119tem. Niezale\u017cnie od tego, czy masz do czynienia z wyciekiem, skrzypi\u0105c\u0105 skrzyni\u0105 bieg\u00f3w, komplikacjami zwi\u0105zanymi z uk\u0142adem paliwowym, problemami z uk\u0142adem wspomagania kierownicy, zacinaniem si\u0119 skrzyni bieg\u00f3w, zmniejszon\u0105 wydajno\u015bci\u0105 paliwow\u0105, przebit\u0105 opon\u0105 lub innymi [&hellip;]<\/p>\n","protected":false},"author":1,"featured_media":0,"parent":0,"menu_order":0,"comment_status":"closed","ping_status":"closed","template":"category-problem-solvers.php","meta":{"_acf_changed":false,"footnotes":""},"class_list":["post-31753","page","type-page","status-publish","hentry"],"acf":[],"_links":{"self":[{"href":"https:\/\/lucasoil.co.uk\/pl\/wp-json\/wp\/v2\/pages\/31753","targetHints":{"allow":["GET"]}}],"collection":[{"href":"https:\/\/lucasoil.co.uk\/pl\/wp-json\/wp\/v2\/pages"}],"about":[{"href":"https:\/\/lucasoil.co.uk\/pl\/wp-json\/wp\/v2\/types\/page"}],"author":[{"embeddable":true,"href":"https:\/\/lucasoil.co.uk\/pl\/wp-json\/wp\/v2\/users\/1"}],"replies":[{"embeddable":true,"href":"https:\/\/lucasoil.co.uk\/pl\/wp-json\/wp\/v2\/comments?post=31753"}],"version-history":[{"count":1,"href":"https:\/\/lucasoil.co.uk\/pl\/wp-json\/wp\/v2\/pages\/31753\/revisions"}],"predecessor-version":[{"id":31754,"href":"https:\/\/lucasoil.co.uk\/pl\/wp-json\/wp\/v2\/pages\/31753\/revisions\/31754"}],"wp:attachment":[{"href":"https:\/\/lucasoil.co.uk\/pl\/wp-json\/wp\/v2\/media?parent=31753"}],"curies":[{"name":"wp","href":"https:\/\/api.w.org\/{rel}","templated":true}]}}