{"id":31755,"date":"2024-04-18T16:23:15","date_gmt":"2024-04-18T20:23:15","guid":{"rendered":"https:\/\/lucasoil.co.uk\/kategoria-hydraulika\/"},"modified":"2025-12-08T16:41:11","modified_gmt":"2025-12-08T21:41:11","slug":"kategoria-hydraulika","status":"publish","type":"page","link":"https:\/\/lucasoil.co.uk\/pl\/kategoria-hydraulika\/","title":{"rendered":"Kategoria: Hydraulika"},"content":{"rendered":"\n<h2 class=\"gb-headline gb-headline-342cd95d gb-headline-text\">HYDRAULIKA<\/h2>\n\n<p>Te wysoce skuteczne dodatki i p\u0142yny zapewniaj\u0105 doskona\u0142\u0105 ochron\u0119 przed zu\u017cyciem w uk\u0142adach hydraulicznych. Zaprojektowane tak, aby spe\u0142nia\u0107 lub przewy\u017csza\u0107 najbardziej rygorystyczne normy OEM, p\u0142yny hydrauliczne Lucas zapewniaj\u0105 p\u0142ynn\u0105 prac\u0119 maszyn, zmniejszaj\u0105 tarcie i wyd\u0142u\u017caj\u0105 \u017cywotno\u015b\u0107 kluczowych cz\u0119\u015bci hydraulicznych, zwi\u0119kszaj\u0105c trwa\u0142o\u015b\u0107 p\u0142yn\u00f3w, zapobiegaj\u0105c wyciekom i zwi\u0119kszaj\u0105c ci\u015bnienie hydrauliczne. <\/p>\n","protected":false},"excerpt":{"rendered":"<p>HYDRAULIKA Te wysoce skuteczne dodatki i p\u0142yny zapewniaj\u0105 doskona\u0142\u0105 ochron\u0119 przed zu\u017cyciem w uk\u0142adach hydraulicznych. Zaprojektowane tak, aby spe\u0142nia\u0107 lub przewy\u017csza\u0107 najbardziej rygorystyczne normy OEM, p\u0142yny hydrauliczne Lucas zapewniaj\u0105 p\u0142ynn\u0105 prac\u0119 maszyn, zmniejszaj\u0105 tarcie i wyd\u0142u\u017caj\u0105 \u017cywotno\u015b\u0107 kluczowych cz\u0119\u015bci hydraulicznych, zwi\u0119kszaj\u0105c trwa\u0142o\u015b\u0107 p\u0142yn\u00f3w, zapobiegaj\u0105c wyciekom i zwi\u0119kszaj\u0105c ci\u015bnienie hydrauliczne.<\/p>\n","protected":false},"author":1,"featured_media":0,"parent":0,"menu_order":0,"comment_status":"closed","ping_status":"closed","template":"category-hydraulics.php","meta":{"_acf_changed":false,"footnotes":""},"class_list":["post-31755","page","type-page","status-publish","hentry"],"acf":[],"_links":{"self":[{"href":"https:\/\/lucasoil.co.uk\/pl\/wp-json\/wp\/v2\/pages\/31755","targetHints":{"allow":["GET"]}}],"collection":[{"href":"https:\/\/lucasoil.co.uk\/pl\/wp-json\/wp\/v2\/pages"}],"about":[{"href":"https:\/\/lucasoil.co.uk\/pl\/wp-json\/wp\/v2\/types\/page"}],"author":[{"embeddable":true,"href":"https:\/\/lucasoil.co.uk\/pl\/wp-json\/wp\/v2\/users\/1"}],"replies":[{"embeddable":true,"href":"https:\/\/lucasoil.co.uk\/pl\/wp-json\/wp\/v2\/comments?post=31755"}],"version-history":[{"count":1,"href":"https:\/\/lucasoil.co.uk\/pl\/wp-json\/wp\/v2\/pages\/31755\/revisions"}],"predecessor-version":[{"id":31756,"href":"https:\/\/lucasoil.co.uk\/pl\/wp-json\/wp\/v2\/pages\/31755\/revisions\/31756"}],"wp:attachment":[{"href":"https:\/\/lucasoil.co.uk\/pl\/wp-json\/wp\/v2\/media?parent=31755"}],"curies":[{"name":"wp","href":"https:\/\/api.w.org\/{rel}","templated":true}]}}