{"id":31757,"date":"2024-04-18T16:33:48","date_gmt":"2024-04-18T20:33:48","guid":{"rendered":"https:\/\/lucasoil.co.uk\/kategoria-transmisja\/"},"modified":"2025-12-08T16:41:35","modified_gmt":"2025-12-08T21:41:35","slug":"kategoria-transmisja","status":"publish","type":"page","link":"https:\/\/lucasoil.co.uk\/pl\/kategoria-transmisja\/","title":{"rendered":"Kategoria: Transmisja"},"content":{"rendered":"\n<h2 class=\"gb-headline gb-headline-4050bdb5 gb-headline-text\">Transmisja<\/h2>\n\n<p>Specjalnie opracowane mieszanki eliminuj\u0105 drgania, zapobiegaj\u0105 \u015blizganiu si\u0119, wycieki, zu\u017cycie, nier\u00f3wn\u0105 zmian\u0119 bieg\u00f3w i znacznie wyd\u0142u\u017caj\u0105 \u017cywotno\u015b\u0107 przek\u0142adni w r\u00f3\u017cnorodnym zakresie zastosowa\u0144. Produkty Lucas do przek\u0142adni s\u0105 idealne do zu\u017cytych przek\u0142adni, sprz\u0119tu rolniczego , samochody osobowe samochody, kosiarki do trawnik\u00f3w kosiarki, ci\u0119\u017ckie ci\u0119\u017car\u00f3wki ci\u0119\u017car\u00f3wki i inne pojazdy, zapewniaj\u0105c niezawodne rozwi\u0105zanie dla p\u0142ynniejszej i bardziej niezawodnej zmiany bieg\u00f3w. <\/p>\n","protected":false},"excerpt":{"rendered":"<p>Transmisja Specjalnie opracowane mieszanki eliminuj\u0105 drgania, zapobiegaj\u0105 \u015blizganiu si\u0119, wycieki, zu\u017cycie, nier\u00f3wn\u0105 zmian\u0119 bieg\u00f3w i znacznie wyd\u0142u\u017caj\u0105 \u017cywotno\u015b\u0107 przek\u0142adni w r\u00f3\u017cnorodnym zakresie zastosowa\u0144. Produkty Lucas do przek\u0142adni s\u0105 idealne do zu\u017cytych przek\u0142adni, sprz\u0119tu rolniczego , samochody osobowe samochody, kosiarki do trawnik\u00f3w kosiarki, ci\u0119\u017ckie ci\u0119\u017car\u00f3wki ci\u0119\u017car\u00f3wki i inne pojazdy, zapewniaj\u0105c niezawodne rozwi\u0105zanie dla p\u0142ynniejszej i bardziej [&hellip;]<\/p>\n","protected":false},"author":1,"featured_media":0,"parent":0,"menu_order":0,"comment_status":"closed","ping_status":"closed","template":"category-transmission.php","meta":{"_acf_changed":false,"footnotes":""},"class_list":["post-31757","page","type-page","status-publish","hentry"],"acf":[],"_links":{"self":[{"href":"https:\/\/lucasoil.co.uk\/pl\/wp-json\/wp\/v2\/pages\/31757","targetHints":{"allow":["GET"]}}],"collection":[{"href":"https:\/\/lucasoil.co.uk\/pl\/wp-json\/wp\/v2\/pages"}],"about":[{"href":"https:\/\/lucasoil.co.uk\/pl\/wp-json\/wp\/v2\/types\/page"}],"author":[{"embeddable":true,"href":"https:\/\/lucasoil.co.uk\/pl\/wp-json\/wp\/v2\/users\/1"}],"replies":[{"embeddable":true,"href":"https:\/\/lucasoil.co.uk\/pl\/wp-json\/wp\/v2\/comments?post=31757"}],"version-history":[{"count":1,"href":"https:\/\/lucasoil.co.uk\/pl\/wp-json\/wp\/v2\/pages\/31757\/revisions"}],"predecessor-version":[{"id":31758,"href":"https:\/\/lucasoil.co.uk\/pl\/wp-json\/wp\/v2\/pages\/31757\/revisions\/31758"}],"wp:attachment":[{"href":"https:\/\/lucasoil.co.uk\/pl\/wp-json\/wp\/v2\/media?parent=31757"}],"curies":[{"name":"wp","href":"https:\/\/api.w.org\/{rel}","templated":true}]}}