{"id":31759,"date":"2024-04-18T16:26:12","date_gmt":"2024-04-18T20:26:12","guid":{"rendered":"https:\/\/lucasoil.co.uk\/kategoria-olej-silnikowy\/"},"modified":"2025-12-08T16:41:55","modified_gmt":"2025-12-08T21:41:55","slug":"kategoria-olej-silnikowy","status":"publish","type":"page","link":"https:\/\/lucasoil.co.uk\/pl\/kategoria-olej-silnikowy\/","title":{"rendered":"Kategoria: Olej silnikowy"},"content":{"rendered":"\n<h2 class=\"gb-headline gb-headline-3b383f98 gb-headline-text\">OLEJ SILNIKOWY<\/h2>\n\n<p>Najwy\u017csza wydajno\u015b\u0107 i ochrona dla wszystkich typ\u00f3w silnik\u00f3w \u2013 ta zaawansowana, kompleksowa linia najwy\u017cszej jako\u015bci olej\u00f3w silnikowych zapewnia doskona\u0142e smarowanie, zmniejsza tarcie i zu\u017cycie, jednocze\u015bnie maksymalizuj\u0105c wydajno\u015b\u0107 silnika i oszcz\u0119dno\u015b\u0107 paliwa efektywno\u015b\u0107. Wzbogacony o precyzyjn\u0105 mieszank\u0119 dodatk\u00f3w kt\u00f3re zapewniaj\u0105 lepsz\u0105 stabilno\u015b\u0107 termiczn\u0105 stability, odporno\u015b\u0107 na utlenianie odporno\u015b\u0107 oraz kontrol\u0119 lepko\u015bci, zapewniaj\u0105c optymalne smarowanie nawet w ekstremalnych warunkach eksploatacji . <\/p>\n","protected":false},"excerpt":{"rendered":"<p>OLEJ SILNIKOWY Najwy\u017csza wydajno\u015b\u0107 i ochrona dla wszystkich typ\u00f3w silnik\u00f3w \u2013 ta zaawansowana, kompleksowa linia najwy\u017cszej jako\u015bci olej\u00f3w silnikowych zapewnia doskona\u0142e smarowanie, zmniejsza tarcie i zu\u017cycie, jednocze\u015bnie maksymalizuj\u0105c wydajno\u015b\u0107 silnika i oszcz\u0119dno\u015b\u0107 paliwa efektywno\u015b\u0107. Wzbogacony o precyzyjn\u0105 mieszank\u0119 dodatk\u00f3w kt\u00f3re zapewniaj\u0105 lepsz\u0105 stabilno\u015b\u0107 termiczn\u0105 stability, odporno\u015b\u0107 na utlenianie odporno\u015b\u0107 oraz kontrol\u0119 lepko\u015bci, zapewniaj\u0105c optymalne smarowanie [&hellip;]<\/p>\n","protected":false},"author":1,"featured_media":0,"parent":0,"menu_order":0,"comment_status":"closed","ping_status":"closed","template":"category-motor-oil.php","meta":{"_acf_changed":false,"footnotes":""},"class_list":["post-31759","page","type-page","status-publish","hentry"],"acf":[],"_links":{"self":[{"href":"https:\/\/lucasoil.co.uk\/pl\/wp-json\/wp\/v2\/pages\/31759","targetHints":{"allow":["GET"]}}],"collection":[{"href":"https:\/\/lucasoil.co.uk\/pl\/wp-json\/wp\/v2\/pages"}],"about":[{"href":"https:\/\/lucasoil.co.uk\/pl\/wp-json\/wp\/v2\/types\/page"}],"author":[{"embeddable":true,"href":"https:\/\/lucasoil.co.uk\/pl\/wp-json\/wp\/v2\/users\/1"}],"replies":[{"embeddable":true,"href":"https:\/\/lucasoil.co.uk\/pl\/wp-json\/wp\/v2\/comments?post=31759"}],"version-history":[{"count":1,"href":"https:\/\/lucasoil.co.uk\/pl\/wp-json\/wp\/v2\/pages\/31759\/revisions"}],"predecessor-version":[{"id":31760,"href":"https:\/\/lucasoil.co.uk\/pl\/wp-json\/wp\/v2\/pages\/31759\/revisions\/31760"}],"wp:attachment":[{"href":"https:\/\/lucasoil.co.uk\/pl\/wp-json\/wp\/v2\/media?parent=31759"}],"curies":[{"name":"wp","href":"https:\/\/api.w.org\/{rel}","templated":true}]}}