{"id":31761,"date":"2024-04-18T16:20:13","date_gmt":"2024-04-18T20:20:13","guid":{"rendered":"https:\/\/lucasoil.co.uk\/kategoria-olej-przekladniowy\/"},"modified":"2025-12-08T16:42:26","modified_gmt":"2025-12-08T21:42:26","slug":"kategoria-olej-przekladniowy","status":"publish","type":"page","link":"https:\/\/lucasoil.co.uk\/pl\/kategoria-olej-przekladniowy\/","title":{"rendered":"Kategoria: Olej przek\u0142adniowy"},"content":{"rendered":"\n<h2 class=\"gb-headline gb-headline-36a1cb81 gb-headline-text\">OLEJ PRZEK\u0141ADNIOWY<\/h2>\n\n<p>Opracowany z wykorzystaniem najwy\u017cszej jako\u015bci dodatk\u00f3w i dost\u0119pny w kilku r\u00f3\u017cnych gramaturach, olej przek\u0142adniowy Lucas zapewnia wyj\u0105tkow\u0105 ochron\u0119 przed zu\u017cyciem, przegrzaniem i korozj\u0105, zapewniaj\u0105c d\u0142u\u017csz\u0105 \u017cywotno\u015b\u0107 przek\u0142adni. Cieszy si\u0119 zaufaniem na rynku przemys\u0142owym, ci\u0119\u017ckim u\u017cytkowaniu i wysokowydajnym rynku dzi\u0119ki doskona\u0142ej zmianie bieg\u00f3w i trwa\u0142o\u015bci. <\/p>\n","protected":false},"excerpt":{"rendered":"<p>OLEJ PRZEK\u0141ADNIOWY Opracowany z wykorzystaniem najwy\u017cszej jako\u015bci dodatk\u00f3w i dost\u0119pny w kilku r\u00f3\u017cnych gramaturach, olej przek\u0142adniowy Lucas zapewnia wyj\u0105tkow\u0105 ochron\u0119 przed zu\u017cyciem, przegrzaniem i korozj\u0105, zapewniaj\u0105c d\u0142u\u017csz\u0105 \u017cywotno\u015b\u0107 przek\u0142adni. Cieszy si\u0119 zaufaniem na rynku przemys\u0142owym, ci\u0119\u017ckim u\u017cytkowaniu i wysokowydajnym rynku dzi\u0119ki doskona\u0142ej zmianie bieg\u00f3w i trwa\u0142o\u015bci.<\/p>\n","protected":false},"author":1,"featured_media":0,"parent":0,"menu_order":0,"comment_status":"closed","ping_status":"closed","template":"category-gear-oil.php","meta":{"_acf_changed":false,"footnotes":""},"class_list":["post-31761","page","type-page","status-publish","hentry"],"acf":[],"_links":{"self":[{"href":"https:\/\/lucasoil.co.uk\/pl\/wp-json\/wp\/v2\/pages\/31761","targetHints":{"allow":["GET"]}}],"collection":[{"href":"https:\/\/lucasoil.co.uk\/pl\/wp-json\/wp\/v2\/pages"}],"about":[{"href":"https:\/\/lucasoil.co.uk\/pl\/wp-json\/wp\/v2\/types\/page"}],"author":[{"embeddable":true,"href":"https:\/\/lucasoil.co.uk\/pl\/wp-json\/wp\/v2\/users\/1"}],"replies":[{"embeddable":true,"href":"https:\/\/lucasoil.co.uk\/pl\/wp-json\/wp\/v2\/comments?post=31761"}],"version-history":[{"count":1,"href":"https:\/\/lucasoil.co.uk\/pl\/wp-json\/wp\/v2\/pages\/31761\/revisions"}],"predecessor-version":[{"id":31762,"href":"https:\/\/lucasoil.co.uk\/pl\/wp-json\/wp\/v2\/pages\/31761\/revisions\/31762"}],"wp:attachment":[{"href":"https:\/\/lucasoil.co.uk\/pl\/wp-json\/wp\/v2\/media?parent=31761"}],"curies":[{"name":"wp","href":"https:\/\/api.w.org\/{rel}","templated":true}]}}