{"id":31763,"date":"2024-01-24T16:08:03","date_gmt":"2024-01-24T21:08:03","guid":{"rendered":"https:\/\/lucasoil.co.uk\/nasza-historia\/"},"modified":"2025-12-08T16:46:02","modified_gmt":"2025-12-08T21:46:02","slug":"nasza-historia","status":"publish","type":"page","link":"https:\/\/lucasoil.co.uk\/pl\/nasza-historia\/","title":{"rendered":"Nasza historia"},"content":{"rendered":"<div class=\"gb-container gb-container-c2ccbf2a\">\n\n<div class=\"wp-block-columns is-layout-flex wp-container-core-columns-is-layout-9d6595d7 wp-block-columns-is-layout-flex\">\n<div class=\"wp-block-column is-layout-flow wp-block-column-is-layout-flow\" style=\"flex-basis:33.33%\"><div class=\"wp-block-image\">\n<figure class=\"aligncenter size-large\"><img loading=\"lazy\" decoding=\"async\" width=\"1024\" height=\"740\" src=\"https:\/\/lucasoil.co.uk:8888\/wp-content\/uploads\/2024\/01\/Forrest-and-Charlotte-lab-oil-test-1024x740.jpg\" alt=\"\" class=\"wp-image-14\" srcset=\"https:\/\/lucasoil.co.uk\/wp-content\/uploads\/2024\/01\/Forrest-and-Charlotte-lab-oil-test-1024x740.jpg 1024w, https:\/\/lucasoil.co.uk\/wp-content\/uploads\/2024\/01\/Forrest-and-Charlotte-lab-oil-test-300x217.jpg 300w, https:\/\/lucasoil.co.uk\/wp-content\/uploads\/2024\/01\/Forrest-and-Charlotte-lab-oil-test-768x555.jpg 768w, https:\/\/lucasoil.co.uk\/wp-content\/uploads\/2024\/01\/Forrest-and-Charlotte-lab-oil-test-1536x1110.jpg 1536w, https:\/\/lucasoil.co.uk\/wp-content\/uploads\/2024\/01\/Forrest-and-Charlotte-lab-oil-test-2048x1480.jpg 2048w\" sizes=\"auto, (max-width: 1024px) 100vw, 1024px\" \/><\/figure>\n<\/div>\n\n<div class=\"wp-block-image\">\n<figure class=\"aligncenter size-full\"><img loading=\"lazy\" decoding=\"async\" width=\"600\" height=\"400\" src=\"https:\/\/lucasoil.co.uk:8888\/wp-content\/uploads\/2024\/01\/Forrest-Lucas-10-24-2017-1.jpg\" alt=\"\" class=\"wp-image-20\" srcset=\"https:\/\/lucasoil.co.uk\/wp-content\/uploads\/2024\/01\/Forrest-Lucas-10-24-2017-1.jpg 600w, https:\/\/lucasoil.co.uk\/wp-content\/uploads\/2024\/01\/Forrest-Lucas-10-24-2017-1-300x200.jpg 300w\" sizes=\"auto, (max-width: 600px) 100vw, 600px\" \/><\/figure>\n<\/div><\/div>\n\n\n\n<div class=\"wp-block-column is-layout-flow wp-block-column-is-layout-flow\" style=\"flex-basis:66.66%\">\n<h2 class=\"gb-headline gb-headline-1860308c gb-headline-text ng-font\">Historia Lucasa<\/h2>\n\n\n\n<p><strong>Rodzinna firma, produkcja w USA, orientacja na klienta<\/strong>: Lucas wyr\u00f3\u017cnia si\u0119 jako dumna ameryka\u0144ska marka, kt\u00f3ra \u0142\u0105czy w sobie wyj\u0105tkowe cechy: rodzinne kierownictwo, produkcj\u0119 w Stanach Zjednoczonych, naukowo zaawansowane rozwi\u0105zania i zaanga\u017cowanie na rzecz spo\u0142eczno\u015bci lokalnej. <\/p>\n\n\n\n<p>W ci\u0105gu ostatnich 35 lat wyznaczyli\u015bmy \u015bwiatowe standardy w zakresie najwy\u017cszej jako\u015bci olej\u00f3w silnikowych, dodatk\u00f3w, produkt\u00f3w do piel\u0119gnacji wygl\u0105du i smar\u00f3w \u2013 wspieraj\u0105c styl \u017cycia w bran\u017cach motoryzacyjnej, transportowej, morskiej, outdoorowej, sport\u00f3w motorowych, przemys\u0142owej i produkt\u00f3w gospodarstwa domowego. <\/p>\n\n\n\n<p>Nasza szybko rozwijaj\u0105ca si\u0119 globalna dzia\u0142alno\u015b\u0107 charakteryzuje si\u0119 najnowocze\u015bniejszymi dzia\u0142aniami badawczo-rozwojowymi, ewoluuj\u0105cymi kana\u0142ami sprzeda\u017cy detalicznej i zaawansowan\u0105 technologicznie produkcj\u0105. Ponad 300 produkt\u00f3w premium stanowi najwi\u0119kszy asortyment produkt\u00f3w dost\u0119pnych w sklepach spo\u015br\u00f3d wszystkich firm naftowych w Stanach Zjednoczonych, z sieci\u0105 dystrybucji obejmuj\u0105c\u0105 48 kraj\u00f3w i sprzedawcami detalicznymi, takimi jak Amazon, Walmart, AutoZone, O\u2019Reilly Auto Parts, Advance Auto Parts, NAPA Auto Parts i wieloma innymi.  <\/p>\n\n\n\n<p><strong>Produkty najwy\u017cszej jako\u015bci, sprawdzona wydajno\u015b\u0107<\/strong>: Nasi za\u0142o\u017cyciele, Forrest i Charlotte Lucas, rozpocz\u0119li dzia\u0142alno\u015b\u0107 od opracowania skutecznych, zastrze\u017conych receptur, kt\u00f3re sprawia\u0142y, \u017ce silniki pracowa\u0142y w ni\u017cszych temperaturach i by\u0142y czystsze, maksymalizuj\u0105c w ten spos\u00f3b niezawodno\u015b\u0107 flot samochod\u00f3w ci\u0119\u017carowych w ca\u0142ym kraju. Od tego czasu, dzi\u0119ki najnowocze\u015bniejszym badaniom i pracy w niekt\u00f3rych z najbardziej znanych spo\u0142eczno\u015bci sport\u00f3w motorowych na \u015bwiecie, zawodowi kierowcy polegaj\u0105 na olejach silnikowych, dodatkach\/smarach i innych produktach Lucas, kt\u00f3re spe\u0142niaj\u0105 ich wysokie wymagania. Zaanga\u017cowanie naszej dynamicznej marki w dostarczanie najlepszych rozwi\u0105za\u0144 w zakresie wydajno\u015bci ma wp\u0142yw na wszystkich klient\u00f3w i partner\u00f3w \u2013 od toru wy\u015bcigowego po drog\u0119 publiczn\u0105, ka\u017cdy mo\u017ce cieszy\u0107 si\u0119 korzy\u015bciami p\u0142yn\u0105cymi z naszych wyczerpuj\u0105cych wysi\u0142k\u00f3w zmierzaj\u0105cych do rozwi\u0105zywania problem\u00f3w i zwi\u0119kszania wydajno\u015bci.  <\/p>\n\n\n\n<p><strong>Produkty, kt\u00f3re przewy\u017cszaj\u0105 konkurencj\u0119: <\/strong>Po dziesi\u0119cioleciach wykazywania si\u0119 odporno\u015bci\u0105 na torze i poza nim, stali\u015bmy si\u0119 synonimem niezr\u00f3wnanej jako\u015bci i wydajno\u015bci. Nasza rozbudowana linia produkt\u00f3w obejmuje szerok\u0105 gam\u0119 dodatk\u00f3w, olej\u00f3w silnikowych, olej\u00f3w przek\u0142adniowych, smar\u00f3w i produkt\u00f3w do piel\u0119gnacji wygl\u0105du przeznaczonych do samochod\u00f3w, ci\u0119\u017car\u00f3wek, pojazd\u00f3w ATV, \u0142odzi, motocykli, sprz\u0119tu do sport\u00f3w motorowych i sprz\u0119tu outdoorowego: zasadniczo do wszystkiego, co ma silnik \u2014 i nie tylko. <\/p>\n\n\n\n<p>Od zaawansowanych naukowo, wysokowydajnych preparat\u00f3w po praktyczne rozwi\u0105zania domowe, takie jak \u015brodki do polerowania metalu w urz\u0105dzeniach gospodarstwa domowego i oleje g\u0142\u0119boko penetruj\u0105ce \u2013 nasze produkty s\u0105 najcz\u0119\u015bciej wybierane przez mechanik\u00f3w, kierowc\u00f3w ci\u0119\u017car\u00f3wek, w\u0142a\u015bcicieli klasycznych samochod\u00f3w, rolnik\u00f3w, zarz\u0105dc\u00f3w flot samochodowych i rodziny, kt\u00f3re wymagaj\u0105 tego, co najlepsze. Zar\u00f3wno profesjonali\u015bci, jak i entuzja\u015bci ufaj\u0105 marce Lucas. <\/p>\n<\/div>\n<\/div>\n\n<\/div><div class=\"gb-container gb-container-5901ce4a\">\n<div class=\"gb-container gb-container-cf7ef6b6\">\n<div class=\"gb-grid-wrapper gb-grid-wrapper-9d32e17f wp-grid-full-width\">\n<div class=\"gb-grid-column gb-grid-column-5e94c381\"><div class=\"gb-container gb-container-5e94c381\">\n\n<p><strong>Kontynuacja rodzinnej tradycji doskona\u0142o\u015bci:<\/strong> Dyrektor generalny Morgan Lucas i prezes Katie Lucas s\u0105 uciele\u015bnieniem naszej kultury rodzinnej \u2013 kontynuuj\u0105 trwa\u0142\u0105 tradycj\u0119 zapocz\u0105tkowan\u0105 przez za\u0142o\u017cycieli naszej firmy. To oddane ma\u0142\u017ce\u0144stwo kieruje mark\u0105 ku przysz\u0142o\u015bci, jednocze\u015bnie promuj\u0105c nasze warto\u015bci, innowacyjno\u015b\u0107 i d\u0105\u017cenie do doskona\u0142o\u015bci, kt\u00f3re znajduj\u0105 odzwierciedlenie w naszych produktach i pracownikach. <\/p>\n\n\n\n<p>Duet ten skupia si\u0119 na byciu firm\u0105 rozwi\u0105zuj\u0105c\u0105 problemy za pomoc\u0105 zaawansowanych rozwi\u0105za\u0144, kt\u00f3re zapocz\u0105tkowa\u0142 za\u0142o\u017cyciel Forrest Lucas, zmieniaj\u0105c zasady gry w bran\u017cy flot samochod\u00f3w ci\u0119\u017carowych. Przygotowuj\u0105 Lucas Oil na nadchodz\u0105ce mo\u017cliwo\u015bci i wyzwania w nieustannie zmieniaj\u0105cej si\u0119 bran\u017cy motoryzacyjnej, jednocze\u015bnie koncentruj\u0105c si\u0119 na wspieraniu lokalnych i krajowych organizacji non-profit oraz zdobywaniu uznania w dziedzinie przyw\u00f3dztwa biznesowego i dzia\u0142alno\u015bci spo\u0142ecznej. <\/p>\n\n\n\n<p><strong>Kultura dzielenia si\u0119<\/strong>: Nasz zesp\u00f3\u0142 d\u0105\u017cy do tego, aby post\u0119powa\u0107 w\u0142a\u015bciwie, we w\u0142a\u015bciwy spos\u00f3b i z w\u0142a\u015bciwych powod\u00f3w \u2013 aby poprawia\u0107 jako\u015b\u0107 \u017cycia naszych pracownik\u00f3w, klient\u00f3w i cz\u0142onk\u00f3w naszej spo\u0142eczno\u015bci.<\/p>\n\n\n\n<p>W Lucas Oil nasz\u0105 misj\u0105 jest tworzenie doskona\u0142ych rozwi\u0105za\u0144 kt\u00f3re rozwi\u0105zuj\u0105 codzienne problemy, d\u0105\u017c\u0105c do poprawy jako\u015bci \u017cycia naszych pracownik\u00f3w, klient\u00f3w i spo\u0142eczno\u015bci. Nasze podstawowe warto\u015bci, takie jak zaufanie, obs\u0142uga, praca zespo\u0142owa, odwagi i pasji nap\u0119dzaj\u0105 nasze zaanga\u017cowanie w uczciwo\u015b\u0107, autentyczno\u015b\u0107 i doskona\u0142o\u015b\u0107. <\/p>\n\n\n\n<p>\u201ePoprawa jako\u015bci \u017cycia i wywieranie na nie wp\u0142ywu\u201d to co\u015b wi\u0119cej ni\u017c tylko deklaracja; jest to odzwierciedlenie naszych podstawowych warto\u015bci oraz podstawy i kierunku wszystkiego, co robimy. W miar\u0119 jak Lucas ewoluuje, nasze zaanga\u017cowanie w zadowolenie klient\u00f3w, uczciwo\u015bci, autentyczno\u015bci i poprawy spo\u0142eczno\u015bci pozostaje niezmienne. Jeste\u015bmy zaanga\u017cowani w tworzenie \u015brodowiska sprzyjaj\u0105cego innowacyjno\u015bci, otwarto\u015bci na zmiany i wsp\u00f3\u0142pracy jako silny zesp\u00f3\u0142 potrafi\u0105cy rozwi\u0105zywa\u0107 problemy.  <\/p>\n\n<\/div><\/div>\n\n<div class=\"gb-grid-column gb-grid-column-79b67226\"><div class=\"gb-container gb-container-79b67226\">\n<div class=\"wp-block-image\">\n<figure class=\"aligncenter size-large\"><img loading=\"lazy\" decoding=\"async\" width=\"1536\" height=\"1508\" src=\"\/wp-content\/uploads\/2024\/01\/2023_0627_Lucas_Family-1536x1508-1.jpg\" alt=\"\" class=\"wp-image-35\" style=\"object-fit:cover\" srcset=\"https:\/\/lucasoil.co.uk\/wp-content\/uploads\/2024\/01\/2023_0627_Lucas_Family-1536x1508-1.jpg 1536w, https:\/\/lucasoil.co.uk\/wp-content\/uploads\/2024\/01\/2023_0627_Lucas_Family-1536x1508-1-300x295.jpg 300w, https:\/\/lucasoil.co.uk\/wp-content\/uploads\/2024\/01\/2023_0627_Lucas_Family-1536x1508-1-1024x1005.jpg 1024w, https:\/\/lucasoil.co.uk\/wp-content\/uploads\/2024\/01\/2023_0627_Lucas_Family-1536x1508-1-768x754.jpg 768w\" sizes=\"auto, (max-width: 1536px) 100vw, 1536px\" \/><\/figure>\n<\/div>\n<\/div><\/div>\n<\/div>\n<\/div>\n<\/div><div class=\"gb-container gb-container-a68ea175\">\n\n<div class=\"wp-block-columns is-layout-flex wp-container-core-columns-is-layout-9d6595d7 wp-block-columns-is-layout-flex\">\n<div class=\"wp-block-column is-layout-flow wp-block-column-is-layout-flow\" style=\"flex-basis:50%\"><div class=\"wp-block-image\">\n<figure class=\"aligncenter size-full\"><img loading=\"lazy\" decoding=\"async\" width=\"720\" height=\"412\" src=\"https:\/\/lucasoil.co.uk\/wp-content\/uploads\/2024\/05\/cipf.jpg\" alt=\"\" class=\"wp-image-1191\" srcset=\"https:\/\/lucasoil.co.uk\/wp-content\/uploads\/2024\/05\/cipf.jpg 720w, https:\/\/lucasoil.co.uk\/wp-content\/uploads\/2024\/05\/cipf-300x172.jpg 300w\" sizes=\"auto, (max-width: 720px) 100vw, 720px\" \/><\/figure>\n<\/div><\/div>\n\n\n\n<div class=\"wp-block-column is-layout-flow wp-block-column-is-layout-flow\" style=\"flex-basis:50%\">\n<p><strong>Zaanga\u017cowanie na rzecz przysz\u0142o\u015bci<\/strong>: Nieustannie d\u0105\u017cymy do przekraczania oczekiwa\u0144 naszych klient\u00f3w i spo\u0142eczno\u015bci. Kontynuujemy ekspansj\u0119 na rynku globalnym dzi\u0119ki najnowocze\u015bniejszym badaniom i rozwojowi, zaawansowanej technologicznie produkcji i ewoluuj\u0105cym kana\u0142om sprzeda\u017cy detalicznej \u2014 kieruj\u0105c nasz\u0105 strategi\u0105 ku przysz\u0142o\u015bci z ogromnym optymizmem.  <\/p>\n\n\n\n<p><strong>Jeste\u015bmy Lucas Oil.<\/strong><\/p>\n<\/div>\n<\/div>\n\n<\/div><div class=\"gb-container gb-container-10516a2d\">\n<div class=\"gb-container gb-container-a8b1c586\">\n\n<h2 class=\"gb-headline gb-headline-8b46a405 gb-headline-text\">NASZA MISJA, WIZJA I WARTO\u015aCI<\/h2>\n\n\n<div class=\"gb-grid-wrapper gb-grid-wrapper-a87dab19\">\n<div class=\"gb-grid-column gb-grid-column-bb7227e5\"><div class=\"gb-container gb-container-bb7227e5\">\n\n<h4 class=\"wp-block-heading ng-font\">MISJA<\/h4>\n\n\n\n<p>Nieustanne zaanga\u017cowanie w tworzenie doskona\u0142ych rozwi\u0105za\u0144 codziennych problem\u00f3w.<\/p>\n\n\n\n<h4 class=\"wp-block-heading ng-font\">WIZJA<\/h4>\n\n\n\n<p>Poprawia\u0107 jako\u015b\u0107 \u017cycia i wywiera\u0107 na nie wp\u0142yw.<\/p>\n\n\n<div class=\"gb-container gb-container-5684af72\">\n\n<figure class=\"wp-block-embed aligncenter is-type-video is-provider-youtube wp-block-embed-youtube yt-100 wp-embed-aspect-16-9 wp-has-aspect-ratio\"><div class=\"wp-block-embed__wrapper\">\n<div class=\"yt-video\"><iframe loading=\"lazy\" title=\"Lucas Oil Products Mission, Vision, and Value Statement\" width=\"500\" height=\"281\" src=\"https:\/\/www.youtube.com\/embed\/Oa23rGddmg8?feature=oembed\" frameborder=\"0\" allow=\"accelerometer; autoplay; clipboard-write; encrypted-media; gyroscope; picture-in-picture; web-share\" referrerpolicy=\"strict-origin-when-cross-origin\" allowfullscreen><\/iframe><\/div>\n<\/div><\/figure>\n\n<\/div>\n<\/div><\/div>\n\n<div class=\"gb-grid-column gb-grid-column-31ec22bc\"><div class=\"gb-container gb-container-31ec22bc\">\n\n<h4 class=\"wp-block-heading ng-font\">WARTO\u015aCI<\/h4>\n\n\n\n<p>Jeste\u015bmy nieust\u0119pliwi w d\u0105\u017ceniu do zadowolenia klienta.<\/p>\n\n\n\n<p>Jeste\u015bmy zaanga\u017cowani w uczciwo\u015b\u0107, autentyczno\u015b\u0107 i doskona\u0142o\u015b\u0107.<\/p>\n\n\n\n<p>Jeste\u015bmy innowacyjni, pomys\u0142owi i otwarci na zmiany.<\/p>\n\n\n\n<p>Inwestujemy w \u017cycie naszych pracownik\u00f3w.<\/p>\n\n\n\n<p>Jeste\u015bmy zaanga\u017cowani w popraw\u0119 sytuacji naszych spo\u0142eczno\u015bci.<\/p>\n\n\n\n<p>Najwi\u0119cej osi\u0105gamy, gdy pracujemy razem.<\/p>\n\n\n\n<p>Jeste\u015bmy rozwi\u0105zuj\u0105cymi problemy rozwi\u0105zuj\u0105cymi.<\/p>\n\n\n\n<h4 class=\"wp-block-heading ng-font\">JESTE\u015aMY LUCAS OIL.<\/h4>\n\n<\/div><\/div>\n<\/div>\n<\/div>\n<\/div><div class=\"gb-container gb-container-79f3adb9\">\n<div class=\"gb-container gb-container-0ba605ea story-contact-container\">\n\n<h2 class=\"gb-headline gb-headline-2c8f2a5f gb-headline-text\">KONTAKT INFORMACJE WED\u0141UG KRAJU<\/h2>\n\n\n<div class=\"gb-grid-wrapper gb-grid-wrapper-74b1e36b\">\n<div class=\"gb-grid-column gb-grid-column-cbebbfd6\"><div class=\"gb-container gb-container-cbebbfd6\">\n\n<h3 class=\"wp-block-heading ng-font\" style=\"font-size:26px\">STANY ZJEDNOCZONE<\/h3>\n\n\n\n<p style=\"font-size:18px\"><strong>SIE\u0106<\/strong><br\/><a href=\"https:\/\/maps.app.goo.gl\/vNzv1ZxXUKJErasr8\" target=\"_blank\" rel=\"noreferrer noopener\">3610 River Crossing Pkwy<br\/>Indianapolis, IN 46240<\/a><br\/>Toll Free: (800) 342-2512<br\/>Fax: (951) 270-1902<\/p>\n\n\n\n<p style=\"font-size:18px\"><strong>ZAK\u0141AD PRODUKCYJNY<\/strong><br\/><a href=\"https:\/\/goo.gl\/maps\/Kc8JQPXqtysZPG759?coh=178571&amp;entry=tt\" target=\"_blank\" rel=\"noreferrer noopener\">3199 Harrison Way NW<br\/>Corydon, Indiana 47112-6903<\/a><\/p>\n\n<\/div><\/div>\n\n<div class=\"gb-grid-column gb-grid-column-be9a7ec2\"><div class=\"gb-container gb-container-be9a7ec2\">\n\n<h3 class=\"wp-block-heading ng-font\" style=\"font-size:26px\">KANADA<\/h3>\n\n\n\n<p style=\"font-size:16px\">Bezp\u0142atny numer: (800) 342-2512<br\/>Faks: (888) 281-7373<br\/><a href=\"https:\/\/www.lucasoil.ca\/\">LucasOil.ca<\/a><\/p>\n\n\n\n<h3 class=\"wp-block-heading ng-font\" style=\"font-size:26px\">Zjednoczone Kr\u00f3lestwo<\/h3>\n\n\n\n<p style=\"font-size:18px\"><strong>LUCAS OIL PRODUCTS UK LTD<br\/><\/strong><a href=\"https:\/\/www.google.com\/search?q=Unit+4+Cunliffe+Drive%0D%0ALlangefni+Industrial+Estate%0D%0ALlangefni%0D%0AAnglesey%0D%0ALL77+7JA&amp;rlz=1C1CHBF_enUS1001US1001&amp;tbm=lcl&amp;sxsrf=APwXEdeeJhKCbfa8fsjULFzqnuFPtVMAZA%3A1683059545062&amp;ei=WXNRZNjFA4mjkPIPzd2s2AE&amp;ved=0ahUKEwiY1sayvdf-AhWJEUQIHc0uCxsQ4dUDCAk&amp;uact=5&amp;oq=Unit+4+Cunliffe+Drive%0D%0ALlangefni+Industrial+Estate%0D%0ALlangefni%0D%0AAnglesey%0D%0ALL77+7JA&amp;gs_lcp=Cg1nd3Mtd2l6LWxvY2FsEANQAFgAYABoAHAAeACAAQCIAQCSAQCYAQCgAQKgAQE&amp;sclient=gws-wiz-local#rlfi=hd:;si:;mv:%5B%5B53.25313007731903,-4.304905177119305%5D,%5B53.252770122680964,-4.3055068228806945%5D%5D\" target=\"_blank\" rel=\"noreferrer noopener\">Unit 4 Cunliffe Drive<br\/>Llangefni Industrial Estate<br\/>Llangefni<br\/>Anglesey<br\/>LL77 7JA<\/a><br\/>Telefon: +44 (0) 1248-723-666<br\/><a href=\"https:\/\/lucasoil.co.uk\/pl\/\" target=\"_blank\" rel=\"noreferrer noopener\">LucasOil.co.uk<\/a><\/p>\n\n<\/div><\/div>\n\n<div class=\"gb-grid-column gb-grid-column-2149bf20\"><div class=\"gb-container gb-container-2149bf20\">\n\n<h3 class=\"wp-block-heading has-text-align-center ng-font\" style=\"font-size:26px\">MEKSYK<\/h3>\n\n\n\n<p class=\"has-text-align-center\" style=\"font-size:16px\">Bezp\u0142atny numer: (800) 342-2512<br\/><a href=\"https:\/\/www.lucasoil.mx\/\">LucasOil.mx<\/a><\/p>\n\n\n\n<h3 class=\"wp-block-heading has-text-align-center ng-font\" style=\"font-size:26px\">EUROPA<\/h3>\n\n\n\n<p class=\"has-text-align-center\" style=\"font-size:18px\"><strong>Lucas Oil Products Europe Ltd<br\/><\/strong>Block 3 Harcourt Centre<br\/>Harcourt Road<br\/>Dublin 2<br\/>Ireland<br\/>Telefon: +44 344 225 5400<br\/><a href=\"http:\/\/lucasoil.eu.com\/\">LucasOil.eu.com<\/a><\/p>\n\n<\/div><\/div>\n<\/div>\n<\/div>\n<\/div>","protected":false},"excerpt":{"rendered":"<p>Historia Lucasa Rodzinna firma, produkcja w USA, orientacja na klienta: Lucas wyr\u00f3\u017cnia si\u0119 jako dumna ameryka\u0144ska marka, kt\u00f3ra \u0142\u0105czy w sobie wyj\u0105tkowe cechy: rodzinne kierownictwo, produkcj\u0119 w Stanach Zjednoczonych, naukowo zaawansowane rozwi\u0105zania i zaanga\u017cowanie na rzecz spo\u0142eczno\u015bci lokalnej. W ci\u0105gu ostatnich 35 lat wyznaczyli\u015bmy \u015bwiatowe standardy w zakresie najwy\u017cszej jako\u015bci olej\u00f3w silnikowych, dodatk\u00f3w, produkt\u00f3w do [&hellip;]<\/p>\n","protected":false},"author":1,"featured_media":0,"parent":0,"menu_order":0,"comment_status":"closed","ping_status":"closed","template":"","meta":{"_acf_changed":false,"footnotes":""},"class_list":["post-31763","page","type-page","status-publish","hentry"],"acf":[],"_links":{"self":[{"href":"https:\/\/lucasoil.co.uk\/pl\/wp-json\/wp\/v2\/pages\/31763","targetHints":{"allow":["GET"]}}],"collection":[{"href":"https:\/\/lucasoil.co.uk\/pl\/wp-json\/wp\/v2\/pages"}],"about":[{"href":"https:\/\/lucasoil.co.uk\/pl\/wp-json\/wp\/v2\/types\/page"}],"author":[{"embeddable":true,"href":"https:\/\/lucasoil.co.uk\/pl\/wp-json\/wp\/v2\/users\/1"}],"replies":[{"embeddable":true,"href":"https:\/\/lucasoil.co.uk\/pl\/wp-json\/wp\/v2\/comments?post=31763"}],"version-history":[{"count":1,"href":"https:\/\/lucasoil.co.uk\/pl\/wp-json\/wp\/v2\/pages\/31763\/revisions"}],"predecessor-version":[{"id":31777,"href":"https:\/\/lucasoil.co.uk\/pl\/wp-json\/wp\/v2\/pages\/31763\/revisions\/31777"}],"wp:attachment":[{"href":"https:\/\/lucasoil.co.uk\/pl\/wp-json\/wp\/v2\/media?parent=31763"}],"curies":[{"name":"wp","href":"https:\/\/api.w.org\/{rel}","templated":true}]}}